{"id":1346,"date":"2025-04-03T16:56:18","date_gmt":"2025-04-03T15:56:18","guid":{"rendered":"https:\/\/energiabulegoa.debagoiena.eus\/energia-bulegoa\/oficina-de-asesoramiento\/subvenciones\/escudo-social-para-personas-en-situacion-de-vulnerabilidad\/"},"modified":"2025-04-29T15:37:21","modified_gmt":"2025-04-29T14:37:21","slug":"escudo-social-para-personas-en-situacion-de-vulnerabilidad","status":"publish","type":"page","link":"https:\/\/energiabulegoa.debagoiena.eus\/es\/energia-bulegoa\/oficina-de-asesoramiento\/subvenciones\/escudo-social-para-personas-en-situacion-de-vulnerabilidad\/","title":{"rendered":"ESCUDO SOCIAL PARA PERSONAS EN SITUACI\u00d3N DE VULNERABILIDAD"},"content":{"rendered":"\n<p>Adem\u00e1s de los bonos sociales, existen otras ayudas econ\u00f3micas sociales dirigidas a sectores vulnerables para paliar situaciones de vulnerabilidad energ\u00e9tica como:<\/p>\n\n<ul class=\"wp-block-list\">\n<li><a href=\"https:\/\/www.lanbide.euskadi.eus\/informacion\/que-es-la-rgi\/weblan00-content\/es\/\" target=\"_blank\" rel=\"noreferrer noopener\"><strong>Renta de Garant\u00eda de Ingresos (RGI):<\/strong><\/a>\n<ul class=\"wp-block-list\">\n<li>Est\u00e1 dirigido a personas que no disponen de recursos econ\u00f3micos para cubrir sus necesidades b\u00e1sicas o que carecen de recursos econ\u00f3micos suficientes y que re\u00fanen determinadas condiciones. Pueden ser personas sin trabajo, trabajadores con pocos recursos, pensionistas, beneficiarios de otro tipo de pensiones, extranjeros sin permiso de residencia, etc.<\/li>\n\n\n\n<li>En algunos casos, la RGI podr\u00e1 incluir la Prestaci\u00f3n Complementaria de Vivienda (PCV). Est\u00e1 destinado a cubrir los gastos de alquiler de la vivienda habitual.<\/li>\n<\/ul>\n<\/li>\n\n\n\n<li style=\"margin-top:var(--wp--preset--spacing--30);margin-bottom:var(--wp--preset--spacing--30)\"><a href=\"https:\/\/www.euskadi.eus\/ayuda_subvencion\/2020\/ayudas-de-emergencia-social-aes\/web01-tramite\/es\/\" target=\"_blank\" rel=\"noreferrer noopener\"><strong>Ayudas de Emergencia Social (AES):<\/strong><\/a>\n<ul class=\"wp-block-list\">\n<li>Las Ayudas de Emergencia Social son prestaciones econ\u00f3micas no peri\u00f3dicas <strong><em>destinadas a aquellas personas cuyos recursos resulten insuficientes, para hacer frente a gastos espec\u00edficos<\/em><\/strong> , ordinarios o extraordinarios, <strong><em>necesarios para prevenir, evitar o paliar situaciones de exclusi\u00f3n social.<\/em><\/strong><\/li>\n\n\n\n<li>La cantidad que se otorgar\u00e1 ser\u00e1 diferente en funci\u00f3n de las unidades convivenciales con las que convivan (UC). S\u00f3lo dos de las unidades convivenciales que conviven en la misma vivienda pueden solicitar esta subvenci\u00f3n.<\/li>\n\n\n\n<li>Los gastos de energ\u00eda (suministro el\u00e9ctrico, gas y otros combustibles para uso dom\u00e9stico) ser\u00e1n de hasta 900 \u20ac anuales por vivienda.&#13;\n<\/li>\n<\/ul>\n<\/li>\n\n\n\n<li><a href=\"https:\/\/www.irekia.euskadi.eus\/es\/news\/28613-200-000-euros-cruz-roja-para-impulsar-proyecto-pobreza-energetica-resumen-del-acuerdo-del-consejo-gobierno-del-2015\" target=\"_blank\" rel=\"noreferrer noopener\"><strong>Acuerdo con Cruz Roja:<\/strong><\/a>\n<ul class=\"wp-block-list\">\n<li>El Departamento de Empleo y Pol\u00edticas Sociales del Gobierno Vasco tiene un convenio contra la vulnerabilidad energ\u00e9tica con Cruz Roja para las familias que no cumplan los requisitos para acceder a las AES o RGI. A trav\u00e9s de la entidad pueden recibir ayudas para pagar las facturas de la luz, el agua y el gas.<\/li>\n<\/ul>\n<\/li>\n<\/ul>\n","protected":false},"excerpt":{"rendered":"<p>Adem\u00e1s de los bonos sociales, existen otras ayudas econ\u00f3micas sociales dirigidas a sectores vulnerables para paliar situaciones de vulnerabilidad energ\u00e9tica como:<\/p>\n","protected":false},"author":4,"featured_media":0,"parent":202,"menu_order":0,"comment_status":"closed","ping_status":"closed","template":"","meta":{"footnotes":""},"class_list":["post-1346","page","type-page","status-publish","hentry"],"_links":{"self":[{"href":"https:\/\/energiabulegoa.debagoiena.eus\/es\/wp-json\/wp\/v2\/pages\/1346","targetHints":{"allow":["GET"]}}],"collection":[{"href":"https:\/\/energiabulegoa.debagoiena.eus\/es\/wp-json\/wp\/v2\/pages"}],"about":[{"href":"https:\/\/energiabulegoa.debagoiena.eus\/es\/wp-json\/wp\/v2\/types\/page"}],"author":[{"embeddable":true,"href":"https:\/\/energiabulegoa.debagoiena.eus\/es\/wp-json\/wp\/v2\/users\/4"}],"replies":[{"embeddable":true,"href":"https:\/\/energiabulegoa.debagoiena.eus\/es\/wp-json\/wp\/v2\/comments?post=1346"}],"version-history":[{"count":13,"href":"https:\/\/energiabulegoa.debagoiena.eus\/es\/wp-json\/wp\/v2\/pages\/1346\/revisions"}],"predecessor-version":[{"id":1582,"href":"https:\/\/energiabulegoa.debagoiena.eus\/es\/wp-json\/wp\/v2\/pages\/1346\/revisions\/1582"}],"up":[{"embeddable":true,"href":"https:\/\/energiabulegoa.debagoiena.eus\/es\/wp-json\/wp\/v2\/pages\/202"}],"wp:attachment":[{"href":"https:\/\/energiabulegoa.debagoiena.eus\/es\/wp-json\/wp\/v2\/media?parent=1346"}],"curies":[{"name":"wp","href":"https:\/\/api.w.org\/{rel}","templated":true}]}}