{"id":1409,"date":"2025-04-04T13:22:16","date_gmt":"2025-04-04T12:22:16","guid":{"rendered":"https:\/\/energiabulegoa.debagoiena.eus\/energia-bulegoa\/oficina-de-asesoramiento\/subvenciones\/otras-subvenciones\/ayudas-de-eve\/"},"modified":"2025-05-07T13:23:19","modified_gmt":"2025-05-07T12:23:19","slug":"ayudas-de-eve","status":"publish","type":"page","link":"https:\/\/energiabulegoa.debagoiena.eus\/es\/energia-bulegoa\/oficina-de-asesoramiento\/subvenciones\/otras-subvenciones\/ayudas-de-eve\/","title":{"rendered":"Ayudas de EVE"},"content":{"rendered":"\n<p><a href=\"https:\/\/www.eve.eus\/Programa-de-ayudas\/2020?lang=es-es\" data-type=\"link\" data-id=\"https:\/\/www.eve.eus\/Programa-de-ayudas\/2020?lang=es-es\">Programas de ayudas de EVE<\/a><\/p>\n\n<div class=\"wp-block-group has-global-padding is-layout-constrained wp-block-group-is-layout-constrained\">\n<h3 class=\"wp-block-heading\"><strong><mark style=\"background-color:rgba(0, 0, 0, 0)\" class=\"has-inline-color has-tertiary-color\">CONVOCATORIAS ABIERTAS<\/mark><\/strong><\/h3>\n\n\n\n<details class=\"wp-block-details is-layout-flow wp-block-details-is-layout-flow\" style=\"margin-top:var(--wp--preset--spacing--30);margin-bottom:var(--wp--preset--spacing--30);padding-top:0;padding-right:var(--wp--preset--spacing--30);padding-bottom:0;padding-left:var(--wp--preset--spacing--30)\"><summary><strong><span style=\"text-decoration: underline;\">Programa de ayudas a inversiones en renovaci\u00f3n de instalaciones el\u00e9ctricas antiguas en comunidades de propietarios\/as residenciales<a href=\"https:\/\/www.eve.eus\/Programa-de-ayudas\/2020\/Programa-de-ayudas-a-inversiones-en-renovacion-(1)?lang=es-es\" data-type=\"link\" data-id=\"https:\/\/www.eve.eus\/Programa-de-ayudas\/2020\/Programa-de-ayudas-a-inversiones-en-renovacion-(1)?lang=es-es\" target=\"_blank\" rel=\"noreferrer noopener\">.<\/a><\/span><\/strong><\/summary>\n<p><a href=\"https:\/\/energiabulegoa.debagoiena.eus\/es\/energia-bulegoa\/oficina-de-asesoramiento\/subvenciones\/otras-subvenciones\/ayudas-de-eve\/para-renovacion-de-instalaciones-electricas-antiguas-en-comunidades-de-propietarios-as-residenciales\/\" data-type=\"link\" data-id=\"https:\/\/energiabulegoa.debagoiena.eus\/es\/energia-bulegoa\/oficina-de-asesoramiento\/subvenciones\/otras-subvenciones\/ayudas-de-eve\/para-renovacion-de-instalaciones-electricas-antiguas-en-comunidades-de-propietarios-as-residenciales\/\">El programa de ayudas persigue apoyar la renovaci\u00f3n de instalaciones el\u00e9ctricas comunes en edificios de <strong>comunidades de propietarios\/as residenciales<\/strong> localizados en el territorio de la CAE, cuya antig\u00fcedad sea igual o superior a 25 a\u00f1os. Es decir, <mark style=\"background-color:rgba(0, 0, 0, 0)\" class=\"has-inline-color has-primary-color\">aquellas <strong>comunidades de propietarios\/as residenciales<\/strong> y en las que los edificios deben ser existentes y construidos con anterioridad al a\u00f1o 1999<\/mark>.<\/a><\/p>\n<\/details>\n\n\n\n<hr class=\"wp-block-separator has-alpha-channel-opacity\"\/>\n\n\n\n<details class=\"wp-block-details is-layout-flow wp-block-details-is-layout-flow\" style=\"margin-top:var(--wp--preset--spacing--30);margin-bottom:var(--wp--preset--spacing--30);padding-top:0;padding-right:var(--wp--preset--spacing--30);padding-bottom:0;padding-left:var(--wp--preset--spacing--30)\"><summary><strong><span style=\"text-decoration: underline;\">Programa de ayudas a inversiones en veh\u00edculos de menos emisiones<\/span><\/strong>.<\/summary>\n<p><a href=\"https:\/\/energiabulegoa.debagoiena.eus\/es\/energia-bulegoa\/oficina-de-asesoramiento\/subvenciones\/otras-subvenciones\/ayudas-de-eve\/vehiculos-de-menos-emisiones\/\" data-type=\"link\" data-id=\"https:\/\/energiabulegoa.debagoiena.eus\/es\/energia-bulegoa\/oficina-de-asesoramiento\/subvenciones\/otras-subvenciones\/ayudas-de-eve\/vehiculos-de-menos-emisiones\/\">Este Programa de ayudas tiene el objetivo prioritario de <mark style=\"background-color:rgba(0, 0, 0, 0)\" class=\"has-inline-color has-primary-color\">apoyar la renovaci\u00f3n del parque m\u00f3vil de la CAE<\/mark> subvencionando la adquisici\u00f3n de veh\u00edculos de menos emisiones, nuevos o de demostraci\u00f3n, pertenecientes a las categor\u00edas de veh\u00edculos M1 y N1, con emisiones de CO2 inferiores a 125 g\/km para veh\u00edculos de categor\u00eda M1 y 150 g\/km para veh\u00edculos de categor\u00eda N1.<\/a><\/p>\n<\/details>\n\n\n\n<hr class=\"wp-block-separator has-alpha-channel-opacity\"\/>\n\n\n\n<details class=\"wp-block-details is-layout-flow wp-block-details-is-layout-flow\" style=\"margin-top:0;margin-right:0;margin-bottom:0;margin-left:0;padding-top:0;padding-right:var(--wp--preset--spacing--30);padding-bottom:0;padding-left:var(--wp--preset--spacing--30)\"><summary><strong><span style=\"text-decoration: underline;\">GAUZATU ENERGIA &#8211; Programa de anticipos reintegrables destinados a inversiones en eficiencia energ\u00e9tica y uso de energ\u00edas renovables en el sector de la administraci\u00f3n p\u00fablica local de Euskadi<\/span><\/strong>.<\/summary>\n<p><a href=\"https:\/\/energiabulegoa.debagoiena.eus\/es\/energia-bulegoa\/oficina-de-asesoramiento\/subvenciones\/otras-subvenciones\/ayudas-de-eve\/gauzatu-energia\/\" data-type=\"link\" data-id=\"https:\/\/energiabulegoa.debagoiena.eus\/es\/energia-bulegoa\/oficina-de-asesoramiento\/subvenciones\/otras-subvenciones\/ayudas-de-eve\/gauzatu-energia\/\">El Ente Vasco de la Energ\u00eda (EVE) abre el presente programa de anticipos reintegrables con el objetivo prioritario de promover acciones que persigan una <mark style=\"background-color:rgba(0, 0, 0, 0)\" class=\"has-inline-color has-primary-color\">movilidad m\u00e1s sostenible y la eficiencia en el consumo de energ\u00eda y el aprovechamiento de los recursos renovables en instalaciones y edificios p\u00fablicos municipales localizados en el territorio de la Comunidad Aut\u00f3noma del Euskadi<\/mark>.<\/a><\/p>\n<\/details>\n<\/div>\n\n<div class=\"wp-block-group has-global-padding is-layout-constrained wp-block-group-is-layout-constrained\">\n<h3 class=\"wp-block-heading\"><strong><mark style=\"background-color:rgba(0, 0, 0, 0)\" class=\"has-inline-color has-tertiary-color\">CONVOCATORIAS CERRADAS<\/mark><\/strong><\/h3>\n\n\n\n<p style=\"padding-top:0;padding-right:var(--wp--preset--spacing--30);padding-bottom:0;padding-left:var(--wp--preset--spacing--30)\"><a href=\"https:\/\/www.eve.eus\/Programa-de-ayudas\/2020\/Programa-MOVES-III-2021-2023.aspx\" data-type=\"link\" data-id=\"https:\/\/www.eve.eus\/Programa-de-ayudas\/2020\/Programa-MOVES-III-2021-2023.aspx\" target=\"_blank\" rel=\"noreferrer noopener\">Programa MOVES III 2021-2023 Enmarcado en el Plan de Recuperaci\u00f3n, Transformaci\u00f3n y Resiliencia.<\/a><\/p>\n<\/div>\n","protected":false},"excerpt":{"rendered":"<p>Programas de ayudas de EVE CONVOCATORIAS ABIERTAS CONVOCATORIAS CERRADAS Programa MOVES III 2021-2023 Enmarcado en el Plan de Recuperaci\u00f3n, Transformaci\u00f3n y Resiliencia.<\/p>\n","protected":false},"author":4,"featured_media":0,"parent":1394,"menu_order":0,"comment_status":"closed","ping_status":"closed","template":"","meta":{"footnotes":""},"class_list":["post-1409","page","type-page","status-publish","hentry"],"_links":{"self":[{"href":"https:\/\/energiabulegoa.debagoiena.eus\/es\/wp-json\/wp\/v2\/pages\/1409","targetHints":{"allow":["GET"]}}],"collection":[{"href":"https:\/\/energiabulegoa.debagoiena.eus\/es\/wp-json\/wp\/v2\/pages"}],"about":[{"href":"https:\/\/energiabulegoa.debagoiena.eus\/es\/wp-json\/wp\/v2\/types\/page"}],"author":[{"embeddable":true,"href":"https:\/\/energiabulegoa.debagoiena.eus\/es\/wp-json\/wp\/v2\/users\/4"}],"replies":[{"embeddable":true,"href":"https:\/\/energiabulegoa.debagoiena.eus\/es\/wp-json\/wp\/v2\/comments?post=1409"}],"version-history":[{"count":13,"href":"https:\/\/energiabulegoa.debagoiena.eus\/es\/wp-json\/wp\/v2\/pages\/1409\/revisions"}],"predecessor-version":[{"id":1783,"href":"https:\/\/energiabulegoa.debagoiena.eus\/es\/wp-json\/wp\/v2\/pages\/1409\/revisions\/1783"}],"up":[{"embeddable":true,"href":"https:\/\/energiabulegoa.debagoiena.eus\/es\/wp-json\/wp\/v2\/pages\/1394"}],"wp:attachment":[{"href":"https:\/\/energiabulegoa.debagoiena.eus\/es\/wp-json\/wp\/v2\/media?parent=1409"}],"curies":[{"name":"wp","href":"https:\/\/api.w.org\/{rel}","templated":true}]}}