{"id":1432,"date":"2025-04-04T17:24:10","date_gmt":"2025-04-04T16:24:10","guid":{"rendered":"https:\/\/energiabulegoa.debagoiena.eus\/energia-bulegoa\/oficina-de-asesoramiento\/subvenciones\/otras-subvenciones\/ayudas-de-eve\/gauzatu-energia\/"},"modified":"2025-05-14T09:49:40","modified_gmt":"2025-05-14T08:49:40","slug":"gauzatu-energia","status":"publish","type":"page","link":"https:\/\/energiabulegoa.debagoiena.eus\/es\/energia-bulegoa\/oficina-de-asesoramiento\/subvenciones\/otras-subvenciones\/ayudas-de-eve\/gauzatu-energia\/","title":{"rendered":"GAUZATU ENERGIA"},"content":{"rendered":"\n<p><a href=\"https:\/\/www.eve.eus\/Programa-de-ayudas\/2020\/Programa-de-anticipos-reintegrables-destinados-a-i.aspx\" target=\"_blank\" rel=\"noreferrer noopener\">EVE &#8211; Programa de anticipos reintegrables destinados a inversiones en eficiencia energ\u00e9tica y uso de energ\u00edas renovables en el sector de la administraci\u00f3n p\u00fablica local de Euskadi<\/a><\/p>\n\n<p>El Ente Vasco de la Energ\u00eda (EVE) abre el presente programa de anticipos reintegrables con el objetivo prioritario de promover acciones que persigan una movilidad m\u00e1s sostenible y la eficiencia en el consumo de energ\u00eda y el aprovechamiento de los recursos renovables <mark class=\"has-inline-color has-primary-color\" style=\"background-color: rgba(0, 0, 0, 0);\">en instalaciones y edificios p\u00fablicos municipales localizados en el territorio de la Comunidad Aut\u00f3noma del Euskadi<\/mark>.<\/p>\n\n<p>El objetivo del GAUZATU ENERGIA es dar un impulso en los municipios a la eficiencia del alumbrado p\u00fablico exterior, a la sostenibilidad de la edificaci\u00f3n existente mediante actuaciones que van desde cambios en la envolvente t\u00e9rmica, a la mejora de instalaciones de generaci\u00f3n t\u00e9rmica, implantaci\u00f3n de instalaciones con biomasa, geotermia, solar t\u00e9rmica, o bomba de calor, y la incorporaci\u00f3n de tecnolog\u00edas de regulaci\u00f3n y control, as\u00ed como la mejora en la eficiencia energ\u00e9tica en la iluminaci\u00f3n. Impulso tambi\u00e9n a las energ\u00edas renovables para producci\u00f3n el\u00e9ctrica y almacenamiento, as\u00ed como a una movilidad m\u00e1s sostenible.<\/p>\n\n<p><strong>Tel\u00e9fono de consulta<\/strong> 946 620 600<\/p>\n\n<p>Para obtener m\u00e1s informaci\u00f3n respecto a la tramitaci\u00f3n de solicitudes de esta convocatoria de ayudas acceda a la siguiente URL:<\/p>\n\n<p><a href=\"https:\/\/www.euskadi.eus\/ayuda_subvencion\/2021\/eve-gauzatu-energia-2022-es\/web01-s2ekono\/es\/\" target=\"_blank\" rel=\"noreferrer noopener\">https:\/\/www.euskadi.eus\/ayuda_subvencion\/2021\/eve-gauzatu-energia-2022-es\/web01-s2ekono\/es\/<\/a><\/p>\n\n<details class=\"wp-block-details is-layout-flow wp-block-details-is-layout-flow\" style=\"margin-top:var(--wp--preset--spacing--30);margin-bottom:var(--wp--preset--spacing--30);padding-top:0;padding-right:0;padding-bottom:0;padding-left:0\"><summary>BASES REGULADORAS<\/summary>\n<p>Las bases reguladoras de este Programa se regir\u00e1n por la Resoluci\u00f3n, de 13 de diciembre de 2021, del Director General del Ente Vasco de la Energ\u00eda (EVE) por la que se procede a la aprobaci\u00f3n, convocatoria y publicaci\u00f3n de las bases reguladoras del Programa.<\/p>\n<\/details>\n\n<hr class=\"wp-block-separator has-alpha-channel-opacity\"\/>\n\n<details class=\"wp-block-details is-layout-flow wp-block-details-is-layout-flow\" style=\"margin-top:var(--wp--preset--spacing--30);margin-bottom:var(--wp--preset--spacing--30);padding-top:0;padding-right:0;padding-bottom:0;padding-left:0\"><summary>DESTINATARIOS<\/summary>\n<p>Los destinatarios \u00faltimos del programa podr\u00e1n ser:<\/p>\n\n\n\n<ul class=\"wp-block-list\">\n<li>Concejos, hermandades, juntas administrativas y otras entidades locales territoriales de \u00e1mbito inferior.<\/li>\n\n\n\n<li>Los municipios.<\/li>\n\n\n\n<li>Mancomunidades de municipios, Cuadrillas del territorio hist\u00f3rico de \u00c1lava y otras entidades locales.<\/li>\n\n\n\n<li>Los organismos p\u00fablicos vinculados o dependientes de tales entidades locales.<\/li>\n\n\n\n<li>Las empresas p\u00fablicas municipales en cuyo capital social la participaci\u00f3n directa o indirecta de las entidades previstas en este apartado sea superior al 50 por ciento.<\/li>\n\n\n\n<li>Las fundaciones cuyo patrono fundacional sea una entidad local o cuyo patronato est\u00e9 configurado de forma dominante por representantes de la entidad local.<\/li>\n\n\n\n<li>Los consorcios, as\u00ed como al resto de entidades instrumentales de cualquier car\u00e1cter participadas mayoritariamente por capital p\u00fablico local o cuya posici\u00f3n dominante sea de una entidad local.<\/li>\n<\/ul>\n<\/details>\n\n<hr class=\"wp-block-separator has-alpha-channel-opacity\"\/>\n\n<details class=\"wp-block-details is-layout-flow wp-block-details-is-layout-flow\" style=\"margin-top:var(--wp--preset--spacing--30);margin-bottom:var(--wp--preset--spacing--30);padding-top:0;padding-right:0;padding-bottom:0;padding-left:0\"><summary>ACTUACIONES SUBVENCIONABKLES<\/summary>\n<ul class=\"wp-block-list\">\n<li>Mejora de la eficiencia energ\u00e9tica en el alumbrado p\u00fablico exterior.<\/li>\n\n\n\n<li>Mejora de la eficiencia energ\u00e9tica de la envolvente t\u00e9rmica de los edificios existentes.<\/li>\n\n\n\n<li>Mejora de la eficiencia energ\u00e9tica en las instalaciones t\u00e9rmicas de calefacci\u00f3n, climatizaci\u00f3n, ventilaci\u00f3n y agua caliente sanitaria.<\/li>\n\n\n\n<li>Mejora de la eficiencia energ\u00e9tica en las instalaciones t\u00e9rmicas mediante sistemas de gesti\u00f3n energ\u00e9tica.<\/li>\n\n\n\n<li>Renovaci\u00f3n de instalaciones de cogeneraci\u00f3n existentes y\/o ejecuci\u00f3n de nuevas instalaciones.<\/li>\n\n\n\n<li>Mejora de la eficiencia energ\u00e9tica en instalaciones existentes de ascensores, escaleras mec\u00e1nicas, instalaciones de bombeo, etc. mediante motores de alta eficiencia, variadores de velocidad, etc.<\/li>\n\n\n\n<li>Mejora de la eficiencia energ\u00e9tica de las instalaciones de iluminaci\u00f3n interior.<\/li>\n\n\n\n<li>Instalaciones en energ\u00edas renovables para producci\u00f3n el\u00e9ctrica, aisladas o conectadas a la red, de tipo fotovoltaica, e\u00f3lica o minicentrales hidroel\u00e9ctricas. As\u00ed como la renovaci\u00f3n de minicentrales hidroel\u00e9ctricas existentes. Se incluye los sistemas de almacenamiento.<\/li>\n\n\n\n<li>Reforma de instalaciones t\u00e9rmicas existentes de biomasa, geot\u00e9rmica, aerotermia o hidrotermia, y\/o ejecuci\u00f3n de nuevas instalaciones. Podr\u00e1n ser de tipo individual, centralizadas o configuradas como district heating-cooling.<\/li>\n\n\n\n<li>Nuevas instalaciones solares t\u00e9rmicas de baja temperatura con colectores planos.<\/li>\n\n\n\n<li>Inversiones en veh\u00edculos a motor ligeros el\u00e9ctricos puros, h\u00edbridos enchufables, el\u00e9ctricos de autonom\u00eda extendida, y de hidr\u00f3geno. Adem\u00e1s de material m\u00f3vil el\u00e9ctrico o de hidr\u00f3geno.<\/li>\n\n\n\n<li>Inversiones en veh\u00edculos a motor pesados el\u00e9ctricos puros, h\u00edbridos enchufables, gas natural (GNC o GNL) y de hidr\u00f3geno.<\/li>\n\n\n\n<li>Instalaciones troncales y puntos de recarga de veh\u00edculo el\u00e9ctrico, gas natural (GNC o GNL), y de hidr\u00f3geno.<\/li>\n\n\n\n<li>Implantaci\u00f3n de sistemas p\u00fablicos de pr\u00e9stamo de bicicletas y aparcamientos seguros de bicicletas.<\/li>\n<\/ul>\n<\/details>\n","protected":false},"excerpt":{"rendered":"<p>EVE &#8211; Programa de anticipos reintegrables destinados a inversiones en eficiencia energ\u00e9tica y uso de energ\u00edas renovables en el sector de la administraci\u00f3n p\u00fablica local de Euskadi El Ente Vasco de la Energ\u00eda (EVE) abre el presente programa de anticipos reintegrables con el objetivo prioritario de promover acciones que persigan una movilidad m\u00e1s sostenible y [&hellip;]<\/p>\n","protected":false},"author":4,"featured_media":0,"parent":1409,"menu_order":0,"comment_status":"closed","ping_status":"closed","template":"","meta":{"footnotes":""},"class_list":["post-1432","page","type-page","status-publish","hentry"],"_links":{"self":[{"href":"https:\/\/energiabulegoa.debagoiena.eus\/es\/wp-json\/wp\/v2\/pages\/1432","targetHints":{"allow":["GET"]}}],"collection":[{"href":"https:\/\/energiabulegoa.debagoiena.eus\/es\/wp-json\/wp\/v2\/pages"}],"about":[{"href":"https:\/\/energiabulegoa.debagoiena.eus\/es\/wp-json\/wp\/v2\/types\/page"}],"author":[{"embeddable":true,"href":"https:\/\/energiabulegoa.debagoiena.eus\/es\/wp-json\/wp\/v2\/users\/4"}],"replies":[{"embeddable":true,"href":"https:\/\/energiabulegoa.debagoiena.eus\/es\/wp-json\/wp\/v2\/comments?post=1432"}],"version-history":[{"count":4,"href":"https:\/\/energiabulegoa.debagoiena.eus\/es\/wp-json\/wp\/v2\/pages\/1432\/revisions"}],"predecessor-version":[{"id":2124,"href":"https:\/\/energiabulegoa.debagoiena.eus\/es\/wp-json\/wp\/v2\/pages\/1432\/revisions\/2124"}],"up":[{"embeddable":true,"href":"https:\/\/energiabulegoa.debagoiena.eus\/es\/wp-json\/wp\/v2\/pages\/1409"}],"wp:attachment":[{"href":"https:\/\/energiabulegoa.debagoiena.eus\/es\/wp-json\/wp\/v2\/media?parent=1432"}],"curies":[{"name":"wp","href":"https:\/\/api.w.org\/{rel}","templated":true}]}}