{"id":1436,"date":"2025-04-04T17:46:25","date_gmt":"2025-04-04T16:46:25","guid":{"rendered":"https:\/\/energiabulegoa.debagoiena.eus\/energia-bulegoa\/oficina-de-asesoramiento\/subvenciones\/otras-subvenciones\/ayudas-de-eve\/vehiculos-de-menos-emisiones\/"},"modified":"2025-05-14T09:48:34","modified_gmt":"2025-05-14T08:48:34","slug":"vehiculos-de-menos-emisiones","status":"publish","type":"page","link":"https:\/\/energiabulegoa.debagoiena.eus\/es\/energia-bulegoa\/oficina-de-asesoramiento\/subvenciones\/otras-subvenciones\/ayudas-de-eve\/vehiculos-de-menos-emisiones\/","title":{"rendered":"Veh\u00edculos de menos emisiones"},"content":{"rendered":"\n<p><a href=\"https:\/\/www.eve.eus\/Programa-de-ayudas\/2020\/Programa-de-ayudas-a-inversiones-en-vehiculos-de-m?lang=es-es\">EVE &#8211; <\/a><a href=\"https:\/\/www.eve.eus\/Programa-de-ayudas\/2020\/Programa-de-ayudas-a-inversiones-en-vehiculos-de-m?lang=es-es\" target=\"_blank\" rel=\"noreferrer noopener\">Programa de ayudas a inversiones en veh\u00edculos de menos emisiones<\/a><\/p>\n\n<p>Este Programa de ayudas tiene el objetivo prioritario de apoyar la renovaci\u00f3n del parque m\u00f3vil de la CAE subvencionando la adquisici\u00f3n de veh\u00edculos de menos emisiones, nuevos o de demostraci\u00f3n, pertenecientes a las categor\u00edas de veh\u00edculos M1 y N1, con emisiones de CO2 inferiores a 125 g\/km para veh\u00edculos de categor\u00eda M1 y 150 g\/km para veh\u00edculos de categor\u00eda N1.<\/p>\n\n<p><strong>Tel\u00e9fono de consulta<\/strong> <strong>946 620 600<\/strong><\/p>\n\n<p>Para obtener m\u00e1s informaci\u00f3n respecto a la tramitaci\u00f3n de solicitudes de esta convocatoria de ayudas acceda a la siguiente URL:\u00a0<a href=\"https:\/\/www.euskadi.eus\/ayuda_subvencion\/2025\/ayudas-a-inversiones-en-vehiculos-de-menos-emisiones\/web01-tramite\/es\/\" target=\"_blank\" rel=\"noreferrer noopener\">www.euskadi.eus<\/a><\/p>\n\n<details class=\"wp-block-details is-layout-flow wp-block-details-is-layout-flow\" style=\"margin-top:var(--wp--preset--spacing--30);margin-bottom:var(--wp--preset--spacing--30);padding-top:0;padding-right:0;padding-bottom:0;padding-left:0\"><summary>BENEFICIARIOS<\/summary>\n<p>Podr\u00e1n acceder a las subvenciones:<\/p>\n\n\n\n<ul class=\"wp-block-list\">\n<li>Personas f\u00edsicas que residan en Euskadi.<\/li>\n\n\n\n<li>Personas jur\u00eddicas, de naturaleza privada, que tengan su domicilio social y fiscal en Euskadi.<\/li>\n\n\n\n<li>Personas jur\u00eddicas, de naturaleza privada, que, no teniendo su domicilio social y fiscal en Euskadi cumplan con todos los requisitos que se detallan a continuaci\u00f3n:\n<ul class=\"wp-block-list\">\n<li>desarrollen su actividad,<\/li>\n\n\n\n<li>cuenten con una sede, y<\/li>\n\n\n\n<li>mantengan parte de su plantilla en Euskadi.<\/li>\n<\/ul>\n<\/li>\n<\/ul>\n\n\n\n<p>todo ello, desde al menos los dos a\u00f1os anteriores a contar desde la fecha de publicaci\u00f3n de este programa de ayudas en el BOPV.<\/p>\n<\/details>\n\n<hr class=\"wp-block-separator has-alpha-channel-opacity\"\/>\n\n<details class=\"wp-block-details is-layout-flow wp-block-details-is-layout-flow\" style=\"margin-top:var(--wp--preset--spacing--30);margin-bottom:var(--wp--preset--spacing--30);padding-top:0;padding-right:0;padding-bottom:0;padding-left:0\"><summary>ACTUACIONES SUBVENCIONABLES Y SUS CONDICIONES, Y PRECIOS M\u00c1XIMOS DE VEH\u00cdCULOS<\/summary>\n<p>A los efectos de este Programa, tendr\u00e1 la consideraci\u00f3n de actuaci\u00f3n subvencionable la adquisici\u00f3n de veh\u00edculos ligeros, nuevos o de demostraci\u00f3n, pertenecientes a las categor\u00edas de veh\u00edculos M1 y N1:<\/p>\n\n\n\n<ul class=\"wp-block-list\">\n<li>con emisiones de CO2 inferiores a 125 g\/km para veh\u00edculos de categor\u00eda M1,<\/li>\n\n\n\n<li>con emisiones de CO2 inferiores a 150 g\/km para veh\u00edculos de categor\u00eda N1.<\/li>\n<\/ul>\n\n\n\n<p>Se consideran veh\u00edculos de demostraci\u00f3n los veh\u00edculos con hasta 9 meses de antig\u00fcedad contada desde su primera matriculaci\u00f3n hasta la fecha de la factura de compraventa.<\/p>\n\n\n\n<p>Los veh\u00edculos objeto de subvenci\u00f3n podr\u00e1n ser el\u00e9ctricos puros, h\u00edbridos enchufables, de autonom\u00eda extendida, de hidr\u00f3geno, propulsados por gases licuados de petr\u00f3leo, gas natural, gasolina o gas\u00f3leo.<\/p>\n\n\n\n<p>Resulta OBLIGATORIO el achatarramiento de un veh\u00edculo que cumpla con las siguientes condiciones:<\/p>\n\n\n\n<ul class=\"wp-block-list\">\n<li>El solicitante de la ayuda debe ser propietario del veh\u00edculo,<\/li>\n\n\n\n<li>El achatarramiento debe producirse a partir del 1 de abril de 2025,<\/li>\n\n\n\n<li>Debe ser de categor\u00eda M1 o N1.<\/li>\n\n\n\n<li>La categor\u00eda del veh\u00edculo a achatarrar deber\u00e1 coincidir con el de la compra; M1 o N1 (furgoneta-furgoneta o coche-coche). No se permite la compra de un coche con el achatarramiento de una furgoneta o viceversa.<\/li>\n\n\n\n<li>Debe constar el Impuesto de Veh\u00edculos de Tracci\u00f3n Mec\u00e1nica debidamente abonado al menos desde 2024 en un municipio de Euskadi, y<\/li>\n\n\n\n<li>El veh\u00edculo achatarrado debe cumplir con una de las dos siguientes condiciones:\n<ul class=\"wp-block-list\">\n<li>tener una antig\u00fcedad igual o superior a 20 a\u00f1os (contados desde su primera matriculaci\u00f3n hasta la fecha de achatarramiento), o<\/li>\n\n\n\n<li>emitir m\u00e1s de 175 g CO2\/km en el caso de veh\u00edculos de categor\u00eda M1 y m\u00e1s de 200 g CO2\/km en el caso de veh\u00edculos de categor\u00eda N1.<\/li>\n<\/ul>\n<\/li>\n<\/ul>\n\n\n\n<p>\u00danicamente se admitir\u00e1n actuaciones en las que la totalidad de las facturas y justificantes de pago, independientemente de su naturaleza (incluido el abono de posibles cantidades a cuenta o bajo cualquier otro concepto), se hayan emitido a partir del d\u00eda 1 de abril de 2025.<\/p>\n\n\n\n<ul class=\"wp-block-list\">\n<li>El precio m\u00e1ximo compra del veh\u00edculo adquirido no podr\u00e1 superar:\n<ul class=\"wp-block-list\">\n<li>en el caso de los M1, 40.000 euros (IVA e impuestos de matriculaci\u00f3n no incluidos).<\/li>\n\n\n\n<li>en el caso de veh\u00edculos M1 de hidr\u00f3geno, 75.000 euros (IVA e impuestos de matriculaci\u00f3n no incluidos).<\/li>\n\n\n\n<li>en el caso de veh\u00edculos N1, no se aplica ning\u00fan precio m\u00e1ximo.<\/li>\n<\/ul>\n<\/li>\n<\/ul>\n<\/details>\n\n<hr class=\"wp-block-separator has-alpha-channel-opacity\"\/>\n\n<details class=\"wp-block-details is-layout-flow wp-block-details-is-layout-flow\" style=\"margin-top:var(--wp--preset--spacing--30);margin-bottom:var(--wp--preset--spacing--30);padding-top:0;padding-right:0;padding-bottom:0;padding-left:0\"><summary>EMISIONES<\/summary>\n<p>Para conocer las emisiones de los veh\u00edculos puede consultar la gu\u00eda sobre consumos y emisiones de CO2 de los veh\u00edculos nuevos disponibles en el mercado. <a href=\"https:\/\/coches.idae.es\/guia-emisiones-consumos\" target=\"_blank\" rel=\"noreferrer noopener\">https:\/\/coches.idae.es\/guia-emisiones-consumos<\/a><\/p>\n<\/details>\n\n<hr class=\"wp-block-separator has-alpha-channel-opacity\"\/>\n\n<details class=\"wp-block-details is-layout-flow wp-block-details-is-layout-flow\" style=\"margin-top:var(--wp--preset--spacing--30);margin-bottom:var(--wp--preset--spacing--30);padding-top:0;padding-right:0;padding-bottom:0;padding-left:0\"><summary> CUANT\u00cdA DE LAS AYUDAS Y L\u00cdMITES POR BENEFICIARIO<\/summary>\n<p>La cuant\u00eda de la ayuda a otorgar por veh\u00edculo adquirido se establece en un porcentaje del 20% a aplicar sobre el coste subvencionable; en cualquier caso, la cuant\u00eda m\u00e1xima de la ayuda no superar\u00e1 en ning\u00fan caso los 3.500 \u20ac por veh\u00edculo.<\/p>\n\n\n\n<p>Se podr\u00e1 adquirir como m\u00e1ximo, un veh\u00edculo por cada persona f\u00edsica y tres por cada persona jur\u00eddica solicitante de la ayuda; en este segundo caso se recuerda que se deber\u00e1 presentar una solicitud de ayuda por cada uno de los veh\u00edculos adquiridos.<\/p>\n<\/details>\n\n<hr class=\"wp-block-separator has-alpha-channel-opacity\"\/>\n\n<details class=\"wp-block-details is-layout-flow wp-block-details-is-layout-flow\" style=\"margin-top:var(--wp--preset--spacing--30);margin-bottom:var(--wp--preset--spacing--30);padding-top:0;padding-right:0;padding-bottom:0;padding-left:0\"><summary>COMPATIBILIDAD CON OTRAS AYUDAS<\/summary>\n<p>Las ayudas otorgadas en el marco de este Programa ser\u00e1n compatibles con cualesquiera otras subvenciones o ayudas que pudieran concederse para la misma finalidad, procedentes de cualesquiera administraciones o entes p\u00fablicos o privados, nacionales, de la Uni\u00f3n Europea o de organismos internacionales, siempre que, consideradas en su conjunto supongan un porcentaje de ayuda igual o inferior al 70% del coste subvencionable.<\/p>\n\n\n\n<p>En el supuesto de que las subvenciones, ayudas, ingresos o recursos provenientes de otras entidades se materializasen con posterioridad a la resoluci\u00f3n de concesi\u00f3n de la subvenci\u00f3n por parte de EVE, la persona beneficiaria estar\u00e1 obligada a comunicarlo al EVE, y si del an\u00e1lisis del conjunto de subvenciones, ayudas, ingresos o recursos procede la minoraci\u00f3n de la cuant\u00eda de la ayuda, \u00e9sta se comunicar\u00e1 mediante la correspondiente resoluci\u00f3n de revocaci\u00f3n parcial o total.<\/p>\n<\/details>\n\n<hr class=\"wp-block-separator has-alpha-channel-opacity\"\/>\n\n<details class=\"wp-block-details is-layout-flow wp-block-details-is-layout-flow\" style=\"margin-top:var(--wp--preset--spacing--30);margin-bottom:var(--wp--preset--spacing--30);padding-top:0;padding-right:0;padding-bottom:0;padding-left:0\"><summary>PER\u00cdODO DE VIGENCIA (presentaci\u00f3n y justificaci\u00f3n de solicitudes)<\/summary>\n<p>El plazo de presentaci\u00f3n de las solicitudes de ayuda al presente Programa comenzar\u00e1 a las 08:00h del d\u00eda siguiente a la publicaci\u00f3n de la convocatoria en BOPV y finalizar\u00e1 en el momento de producirse el agotamiento del presupuesto. En todo caso <strong><mark style=\"background-color:rgba(0, 0, 0, 0)\" class=\"has-inline-color has-primary-color\">el plazo para la presentaci\u00f3n de las solicitudes de ayuda finalizar\u00e1 el 15 de octubre de 2025<\/mark><\/strong>, aun cuando existir\u00e1 presupuesto disponible en la convocatoria.<\/p>\n<\/details>\n\n<hr class=\"wp-block-separator has-alpha-channel-opacity\"\/>\n\n<details class=\"wp-block-details is-layout-flow wp-block-details-is-layout-flow\" style=\"margin-top:var(--wp--preset--spacing--30);margin-bottom:var(--wp--preset--spacing--30);padding-top:0;padding-right:0;padding-bottom:0;padding-left:0\"><summary>DOCUMENTACI\u00d3N<\/summary>\n<p><a href=\"https:\/\/www.eve.eus\/CMSPages\/GetFile.aspx?guid=b07f8d75-7501-45f8-8c7d-81386ce53fd2\" target=\"_blank\" rel=\"noreferrer noopener\"> EVE_ProgramaAyudasVehiculosMenosEmisiones.pdf<\/a><\/p>\n\n\n\n<p>Para obtener m\u00e1s informaci\u00f3n respecto a la tramitaci\u00f3n de solicitudes de esta convocatoria de ayudas acceda a la siguiente URL:\u00a0<a href=\"https:\/\/www.euskadi.eus\/ayuda_subvencion\/2025\/ayudas-a-inversiones-en-vehiculos-de-menos-emisiones\/web01-tramite\/es\/\" target=\"_blank\" rel=\"noreferrer noopener\">www.euskadi.eus<\/a><\/p>\n<\/details>\n","protected":false},"excerpt":{"rendered":"<p>EVE &#8211; Programa de ayudas a inversiones en veh\u00edculos de menos emisiones Este Programa de ayudas tiene el objetivo prioritario de apoyar la renovaci\u00f3n del parque m\u00f3vil de la CAE subvencionando la adquisici\u00f3n de veh\u00edculos de menos emisiones, nuevos o de demostraci\u00f3n, pertenecientes a las categor\u00edas de veh\u00edculos M1 y N1, con emisiones de CO2 [&hellip;]<\/p>\n","protected":false},"author":4,"featured_media":0,"parent":1409,"menu_order":0,"comment_status":"closed","ping_status":"closed","template":"","meta":{"footnotes":""},"class_list":["post-1436","page","type-page","status-publish","hentry"],"_links":{"self":[{"href":"https:\/\/energiabulegoa.debagoiena.eus\/es\/wp-json\/wp\/v2\/pages\/1436","targetHints":{"allow":["GET"]}}],"collection":[{"href":"https:\/\/energiabulegoa.debagoiena.eus\/es\/wp-json\/wp\/v2\/pages"}],"about":[{"href":"https:\/\/energiabulegoa.debagoiena.eus\/es\/wp-json\/wp\/v2\/types\/page"}],"author":[{"embeddable":true,"href":"https:\/\/energiabulegoa.debagoiena.eus\/es\/wp-json\/wp\/v2\/users\/4"}],"replies":[{"embeddable":true,"href":"https:\/\/energiabulegoa.debagoiena.eus\/es\/wp-json\/wp\/v2\/comments?post=1436"}],"version-history":[{"count":6,"href":"https:\/\/energiabulegoa.debagoiena.eus\/es\/wp-json\/wp\/v2\/pages\/1436\/revisions"}],"predecessor-version":[{"id":2122,"href":"https:\/\/energiabulegoa.debagoiena.eus\/es\/wp-json\/wp\/v2\/pages\/1436\/revisions\/2122"}],"up":[{"embeddable":true,"href":"https:\/\/energiabulegoa.debagoiena.eus\/es\/wp-json\/wp\/v2\/pages\/1409"}],"wp:attachment":[{"href":"https:\/\/energiabulegoa.debagoiena.eus\/es\/wp-json\/wp\/v2\/media?parent=1436"}],"curies":[{"name":"wp","href":"https:\/\/api.w.org\/{rel}","templated":true}]}}