{"id":1442,"date":"2025-04-04T17:52:39","date_gmt":"2025-04-04T16:52:39","guid":{"rendered":"https:\/\/energiabulegoa.debagoiena.eus\/energia-bulegoa\/oficina-de-asesoramiento\/subvenciones\/otras-subvenciones\/ayudas-de-eve\/para-renovacion-de-instalaciones-electricas-antiguas-en-comunidades-de-propietarios-as-residenciales\/"},"modified":"2025-05-14T09:45:29","modified_gmt":"2025-05-14T08:45:29","slug":"para-renovacion-de-instalaciones-electricas-antiguas-en-comunidades-de-propietarios-as-residenciales","status":"publish","type":"page","link":"https:\/\/energiabulegoa.debagoiena.eus\/es\/energia-bulegoa\/oficina-de-asesoramiento\/subvenciones\/otras-subvenciones\/ayudas-de-eve\/para-renovacion-de-instalaciones-electricas-antiguas-en-comunidades-de-propietarios-as-residenciales\/","title":{"rendered":"Para renovar instalaciones el\u00e9ctricas antiguas en comunidades de propietarios\/as residenciales"},"content":{"rendered":"\n<p><a href=\"https:\/\/www.eve.eus\/Programa-de-ayudas\/2020\/Programa-de-ayudas-a-inversiones-en-renovacion-(1)?lang=es-es\" target=\"_blank\" rel=\"noreferrer noopener\">EVE &#8211; Programa de ayudas a inversiones en renovaci\u00f3n de instalaciones el\u00e9ctricas antiguas en comunidades de propietarios\/as residenciales<\/a><\/p>\n\n<p>El programa de ayudas persigue apoyar la renovaci\u00f3n de instalaciones el\u00e9ctricas comunes en edificios de <strong>comunidades de propietarios\/as residenciales<\/strong> localizados en el territorio de la CAE, cuya antig\u00fcedad sea igual o superior a 25 a\u00f1os. Es decir, <mark style=\"background-color:rgba(0, 0, 0, 0)\" class=\"has-inline-color has-primary-color\">aquellas <strong>comunidades de propietarios\/as residenciales<\/strong> y en las que los edificios deben ser existentes y construidos con anterioridad al a\u00f1o 1999 <\/mark>.<\/p>\n\n<p><strong>Tel\u00e9fono de consulta<\/strong> <strong>946 620 600<\/strong><\/p>\n\n<p>Para obtener m\u00e1s informaci\u00f3n respecto a la tramitaci\u00f3n de solicitudes de esta convocatoria de ayudas acceda a la siguiente URL:\u00a0<a href=\"https:\/\/www.euskadi.eus\/ayuda_subvencion\/2025\/eve-programa-de-ayudas-a-inversiones-en-renovacion-de-instalaciones-electricas-antiguas-en-comunidades-de-propietarios-residenciales-2025\/web01-tramite\/es\/\" target=\"_blank\" rel=\"noreferrer noopener\">www.euskadi.eus<\/a><\/p>\n\n<details class=\"wp-block-details is-layout-flow wp-block-details-is-layout-flow\" style=\"margin-top:var(--wp--preset--spacing--30);margin-bottom:var(--wp--preset--spacing--30);padding-top:0;padding-right:0;padding-bottom:0;padding-left:0\"><summary>ACTUACIONES SUBVENCIONABKLES<\/summary>\n<p>Las actuaciones subvencionables podr\u00e1n ser de dos tipos.<br\/>Tipo A.- Una vez realizadas las actuaciones, la instalaci\u00f3n incorporar\u00e1 y cumplir\u00e1 con todos los requisitos m\u00ednimos siguientes:<\/p>\n\n\n\n<ol class=\"wp-block-list\">\n<li>La instalaci\u00f3n dispondr\u00e1 de tensi\u00f3n tipo B2 (230 V entre fase y neutro y 400 V entre fases), con interruptor diferencial.<\/li>\n\n\n\n<li>La l\u00ednea general de alimentaci\u00f3n (LGA) y derivaci\u00f3n individual (DI) no dispondr\u00e1 de antiguos conductos met\u00e1licos o cables con aislamiento textil en ninguna parte de la instalaci\u00f3n en edificios de viviendas de potencia inferior a 100 kW.<\/li>\n\n\n\n<li>Las cajas generales de protecci\u00f3n (CGP) ser\u00e1n tipo BUC aislantes y con fusibles calibrados ajustados a la secci\u00f3n y densidad de corriente del cable de la LGA.<\/li>\n\n\n\n<li>Las cajas generales de protecci\u00f3n (CGP) ser\u00e1n accesibles, preferentemente ubicadas en fachada.<\/li>\n\n\n\n<li>Dispondr\u00e1 de conductores de tierra desde la centralizaci\u00f3n de contadores hasta el cuadro principal de cada vivienda.<\/li>\n<\/ol>\n\n\n\n<p>Se podr\u00e1 solicitar parte de las actuaciones indicadas, siempre y cuando la instalaci\u00f3n incorpore y cumpla con todos ellos una vez realizada la actuaci\u00f3n.<br\/>\u00a0 Tipo B.- Una vez realizadas las actuaciones, la instalaci\u00f3n incorporar\u00e1 y cumplir\u00e1 con todos los requisitos m\u00ednimos siguientes:<\/p>\n\n\n\n<ol class=\"wp-block-list\">\n<li>La instalaci\u00f3n dispondr\u00e1 de toma de tierra general, en el caso de no disponer de ella, con existencia de picas y conductor de tierra, valor de la resistencia dentro de los valores reglamentarios, que como m\u00ednimo llegar\u00e1 hasta las barras de concentraci\u00f3n de contadores, conectando a la misma aquellos elementos y aparatos de la instalaci\u00f3n com\u00fan que lo precisen.<\/li>\n\n\n\n<li>Supresi\u00f3n de envolventes met\u00e1licas en las centralizaciones de contadores de instalaciones comunes de edificios de viviendas de potencia inferior a 100 kW, o centralizaciones de menos de 21 suministros o CGP con fusibles de calibre inferior a 160 A.<\/li>\n<\/ol>\n\n\n\n<p>Se podr\u00e1 solicitar parte de las actuaciones indicadas, siempre y cuando la instalaci\u00f3n incorpore y cumpla con todos ellos una vez realizada la actuaci\u00f3n.<\/p>\n\n\n\n<p>En cuanto al per\u00edodo de elegibilidad, se admitir\u00e1n actuaciones anteriores a la fecha de la publicaci\u00f3n de este Programa, siempre y cuando hayan sido realizadas con posterioridad al 1 de enero de 2025. Por tanto, se exigir\u00e1 que las fechas de cualquier compromiso firme de ejecuci\u00f3n como son los presupuestos aceptados, pedidos, contratos, facturas y justificantes de pago correspondientes a la ejecuci\u00f3n de la actuaci\u00f3n subvencionable sean posteriores al 1 de enero de 2025.<\/p>\n<\/details>\n\n<hr class=\"wp-block-separator has-alpha-channel-opacity\"\/>\n\n<details class=\"wp-block-details is-layout-flow wp-block-details-is-layout-flow\" style=\"margin-top:var(--wp--preset--spacing--30);margin-bottom:var(--wp--preset--spacing--30);padding-top:0;padding-right:0;padding-bottom:0;padding-left:0\"><summary>CUANT\u00cdA DE LAS AYUDAS<\/summary>\n<p>En caso de acometer s\u00f3lo uno de los dos tipos (A o B), la cuant\u00eda de la ayuda a otorgar se establece en un 60% sobre los costes subvencionables de la actividad objeto de ayuda.<\/p>\n\n\n\n<p>En caso de acometer ambos Tipos (A y B), la ayuda establecida es del 70% a aplicar sobre los costes subvencionables de la actividad objeto de ayuda para los dos m\u00f3dulos.<\/p>\n\n\n\n<p>La cuant\u00eda m\u00e1xima de la ayuda ser\u00e1 de 15.000 euros por instalaci\u00f3n.<\/p>\n\n\n\n<details class=\"wp-block-details is-layout-flow wp-block-details-is-layout-flow\"><summary>COMPATIBILIDAD CON OTRAS AYUDAS<\/summary>\n<p>Las ayudas a percibir por los beneficiarios, ser\u00e1n <strong><mark style=\"background-color:rgba(0, 0, 0, 0)\" class=\"has-inline-color has-primary-color\">incompatibles<\/mark><\/strong> con otras subvenciones o ayudas que pudieran concederse para la misma finalidad, procedentes de cualesquiera administraciones o entes p\u00fablicos o privados, nacionales, de la Uni\u00f3n Europea o de organismos internacionales.<\/p>\n\n\n\n<details class=\"wp-block-details is-layout-flow wp-block-details-is-layout-flow\"><summary>PER\u00cdODO DE VIGENCIA (presentaci\u00f3n y justificaci\u00f3n de solicitudes)<\/summary>\n<p><\/p>\n<\/details>\n<\/details>\n<\/details>\n\n<hr class=\"wp-block-separator has-alpha-channel-opacity\"\/>\n\n<details class=\"wp-block-details is-layout-flow wp-block-details-is-layout-flow\" style=\"margin-top:var(--wp--preset--spacing--30);margin-bottom:var(--wp--preset--spacing--30);padding-top:0;padding-right:0;padding-bottom:0;padding-left:0\"><summary>COMPATIBILIDAD CON OTRAS AYUDAS<\/summary>\n<p>Las ayudas a percibir por los beneficiarios, ser\u00e1n <strong><mark style=\"background-color:rgba(0, 0, 0, 0)\" class=\"has-inline-color has-primary-color\">incompatibles<\/mark><\/strong> con otras subvenciones o ayudas que pudieran concederse para la misma finalidad, procedentes de cualesquiera administraciones o entes p\u00fablicos o privados, nacionales, de la Uni\u00f3n Europea o de organismos internacionales.<\/p>\n<\/details>\n\n<hr class=\"wp-block-separator has-alpha-channel-opacity\"\/>\n\n<details class=\"wp-block-details is-layout-flow wp-block-details-is-layout-flow\" style=\"margin-top:var(--wp--preset--spacing--30);margin-bottom:var(--wp--preset--spacing--30);padding-top:0;padding-right:0;padding-bottom:0;padding-left:0\"><summary>PER\u00cdODO DE VIGENCIA (presentaci\u00f3n y justificaci\u00f3n de solicitudes)<\/summary>\n<p>El plazo de presentaci\u00f3n de las solicitudes de ayuda al presente Programa comenzar\u00e1 a las 08:00h del d\u00eda siguiente a la publicaci\u00f3n de la convocatoria en BOPV y finalizar\u00e1 en el momento de producirse el agotamiento del presupuesto. En todo caso <strong><mark style=\"background-color:rgba(0, 0, 0, 0)\" class=\"has-inline-color has-primary-color\">el plazo para la presentaci\u00f3n de las solicitudes de ayuda finalizar\u00e1 el 15 de octubre de 2025<\/mark><\/strong>, aun cuando existir\u00e1 presupuesto disponible en la convocatoria.<\/p>\n\n\n\n<p><strong><mark style=\"background-color:rgba(0, 0, 0, 0)\" class=\"has-inline-color has-primary-color\">Las actuaciones subvencionables deber\u00e1n estar ejecutadas, y facturadas no m\u00e1s tarde del 31 de diciembre de 2025<\/mark><\/strong>.<\/p>\n\n\n\n<p>La justificaci\u00f3n de la realizaci\u00f3n, facturaci\u00f3n y pago de la actuaci\u00f3n objeto de ayuda por parte de los beneficiarios de la ayuda deber\u00e1 realizarse ante EVE, y no m\u00e1s tarde del jueves 15 de enero de 2026, de manera electr\u00f3nica.  <\/p>\n<\/details>\n","protected":false},"excerpt":{"rendered":"<p>EVE &#8211; Programa de ayudas a inversiones en renovaci\u00f3n de instalaciones el\u00e9ctricas antiguas en comunidades de propietarios\/as residenciales El programa de ayudas persigue apoyar la renovaci\u00f3n de instalaciones el\u00e9ctricas comunes en edificios de comunidades de propietarios\/as residenciales localizados en el territorio de la CAE, cuya antig\u00fcedad sea igual o superior a 25 a\u00f1os. Es decir, [&hellip;]<\/p>\n","protected":false},"author":4,"featured_media":0,"parent":1409,"menu_order":0,"comment_status":"closed","ping_status":"closed","template":"","meta":{"footnotes":""},"class_list":["post-1442","page","type-page","status-publish","hentry"],"_links":{"self":[{"href":"https:\/\/energiabulegoa.debagoiena.eus\/es\/wp-json\/wp\/v2\/pages\/1442","targetHints":{"allow":["GET"]}}],"collection":[{"href":"https:\/\/energiabulegoa.debagoiena.eus\/es\/wp-json\/wp\/v2\/pages"}],"about":[{"href":"https:\/\/energiabulegoa.debagoiena.eus\/es\/wp-json\/wp\/v2\/types\/page"}],"author":[{"embeddable":true,"href":"https:\/\/energiabulegoa.debagoiena.eus\/es\/wp-json\/wp\/v2\/users\/4"}],"replies":[{"embeddable":true,"href":"https:\/\/energiabulegoa.debagoiena.eus\/es\/wp-json\/wp\/v2\/comments?post=1442"}],"version-history":[{"count":14,"href":"https:\/\/energiabulegoa.debagoiena.eus\/es\/wp-json\/wp\/v2\/pages\/1442\/revisions"}],"predecessor-version":[{"id":2119,"href":"https:\/\/energiabulegoa.debagoiena.eus\/es\/wp-json\/wp\/v2\/pages\/1442\/revisions\/2119"}],"up":[{"embeddable":true,"href":"https:\/\/energiabulegoa.debagoiena.eus\/es\/wp-json\/wp\/v2\/pages\/1409"}],"wp:attachment":[{"href":"https:\/\/energiabulegoa.debagoiena.eus\/es\/wp-json\/wp\/v2\/media?parent=1442"}],"curies":[{"name":"wp","href":"https:\/\/api.w.org\/{rel}","templated":true}]}}