{"id":1493,"date":"2025-04-04T13:26:47","date_gmt":"2025-04-04T12:26:47","guid":{"rendered":"https:\/\/energiabulegoa.debagoiena.eus\/energia-bulegoa\/oficina-de-asesoramiento\/subvenciones\/otras-subvenciones\/subvenciones-de-la-diputacion-foral-de-gipuzkoa\/"},"modified":"2025-05-07T13:22:55","modified_gmt":"2025-05-07T12:22:55","slug":"subvenciones-de-la-diputacion-foral-de-gipuzkoa","status":"publish","type":"page","link":"https:\/\/energiabulegoa.debagoiena.eus\/es\/energia-bulegoa\/oficina-de-asesoramiento\/subvenciones\/otras-subvenciones\/subvenciones-de-la-diputacion-foral-de-gipuzkoa\/","title":{"rendered":"Subvenciones de la Diputaci\u00f3n Foral de Gipuzkoa"},"content":{"rendered":"\n<p><a href=\"https:\/\/egoitza.gipuzkoa.eus\/es\/subvenciones?p_p_id=Subvenciones_WAR_LEEsubvencionesportlet&amp;p_p_lifecycle=0&amp;p_p_state=normal&amp;p_p_mode=view&amp;_Subvenciones_WAR_LEEsubvencionesportlet_myaction=lista&amp;_Subvenciones_WAR_LEEsubvencionesportlet_idMateria=MEAM&amp;_Subvenciones_WAR_LEEsubvencionesportlet_d-7690214-p=1&amp;_Subvenciones_WAR_LEEsubvencionesportlet_ejercicio=2025\" data-type=\"link\" data-id=\"https:\/\/egoitza.gipuzkoa.eus\/es\/subvenciones?p_p_id=Subvenciones_WAR_LEEsubvencionesportlet&amp;p_p_lifecycle=0&amp;p_p_state=normal&amp;p_p_mode=view&amp;_Subvenciones_WAR_LEEsubvencionesportlet_myaction=lista&amp;_Subvenciones_WAR_LEEsubvencionesportlet_idMateria=MEAM&amp;_Subvenciones_WAR_LEEsubvencionesportlet_d-7690214-p=1&amp;_Subvenciones_WAR_LEEsubvencionesportlet_ejercicio=2025\" target=\"_blank\" rel=\"noreferrer noopener\">Ayudas, Becas y Subvenciones de la DFG<\/a><\/p>\n\n<div class=\"wp-block-group has-global-padding is-layout-constrained wp-block-group-is-layout-constrained\">\n<h3 class=\"wp-block-heading\"><strong><mark style=\"background-color:rgba(0, 0, 0, 0)\" class=\"has-inline-color has-tertiary-color\">CONVOCATORIAS ABIERTAS<\/mark><\/strong><\/h3>\n\n\n\n<p>Por el momento no hay ninguna ayuda relacionada con el ahorro de energ\u00eda.<\/p>\n<\/div>\n\n<div class=\"wp-block-group has-global-padding is-layout-constrained wp-block-group-is-layout-constrained\">\n<h3 class=\"wp-block-heading\"><strong><mark style=\"background-color:rgba(0, 0, 0, 0)\" class=\"has-inline-color has-tertiary-color\">CONVOCATORIAS CERRADAS<\/mark><\/strong><\/h3>\n\n\n\n<details class=\"wp-block-details\" style=\"margin-top:var(--wp--preset--spacing--30);margin-bottom:var(--wp--preset--spacing--30);padding-top:0;padding-right:var(--wp--preset--spacing--30);padding-bottom:0;padding-left:var(--wp--preset--spacing--30)\"><summary>Subvenciones para fomentar en el Territorio Hist\u00f3rico de Gipuzkoa la creaci\u00f3n de comunidades energ\u00e9ticas y la puesta en marcha de inversiones por parte de \u00e9stas.<mark style=\"background-color:rgba(0, 0, 0, 0)\" class=\"has-inline-color has-primary-color is-layout-flow wp-container-core-details-is-layout-f37c3997 wp-block-details-is-layout-flow\">Plazo de solicitud: 28\/03\/2025 08:00:00<\/mark>                   <mark style=\"background-color:rgba(0, 0, 0, 0)\" class=\"has-inline-color has-primary-color\">Fecha l\u00edmite: 23\/04\/2025 23:59:00<\/mark><\/summary>\n<p><a href=\"https:\/\/energiabulegoa.debagoiena.eus\/es\/energia-bulegoa\/oficina-de-asesoramiento\/subvenciones\/otras-subvenciones\/subvenciones-de-la-diputacion-foral-de-gipuzkoa\/subvenciones-para-fomentar-en-gipuzkoa-la-creacion-de-comunidades-energeticas-y-la-puesta-en-marcha-de-inversiones-por-parte-de-estas\/\" data-type=\"link\" data-id=\"https:\/\/energiabulegoa.debagoiena.eus\/es\/energia-bulegoa\/oficina-de-asesoramiento\/subvenciones\/otras-subvenciones\/subvenciones-de-la-diputacion-foral-de-gipuzkoa\/subvenciones-para-fomentar-en-gipuzkoa-la-creacion-de-comunidades-energeticas-y-la-puesta-en-marcha-de-inversiones-por-parte-de-estas\/\">Fomentar la creaci\u00f3n de comunidades energ\u00e9ticas y la inversi\u00f3n en instalaciones fotovoltaicas en r\u00e9gimen de autoconsumo colectivo, as\u00ed como en servicios de movilidad el\u00e9ctrica.<\/a><\/p>\n<\/details>\n\n\n\n<hr class=\"wp-block-separator has-alpha-channel-opacity\"\/>\n\n\n\n<details class=\"wp-block-details\" style=\"margin-top:var(--wp--preset--spacing--30);margin-bottom:var(--wp--preset--spacing--30);padding-top:0;padding-right:var(--wp--preset--spacing--30);padding-bottom:0;padding-left:var(--wp--preset--spacing--30)\"><summary>Subvenciones en especie para fomentar la constituci\u00f3n de comunidades energ\u00e9ticas en municipios de menos de 10.000 habitantes.<mark style=\"background-color:rgba(0, 0, 0, 0)\" class=\"has-inline-color has-primary-color is-layout-flow wp-block-details-is-layout-flow\">Plazo de solicitud: 28\/03\/2025 08:00:00<\/mark> <mark style=\"background-color:rgba(0, 0, 0, 0)\" class=\"has-inline-color has-primary-color\">Fecha l\u00edmite: 23\/04\/2025 23:59:00<\/mark><\/summary>\n<p><a href=\"https:\/\/energiabulegoa.debagoiena.eus\/es\/energia-bulegoa\/oficina-de-asesoramiento\/subvenciones\/otras-subvenciones\/subvenciones-de-la-diputacion-foral-de-gipuzkoa\/subvenciones-para-fomentar-en-gipuzkoa-la-creacion-de-comunidades-energeticas-y-la-puesta-en-marcha-de-inversiones-por-parte-de-estas\/\" data-type=\"link\" data-id=\"https:\/\/energiabulegoa.debagoiena.eus\/es\/energia-bulegoa\/oficina-de-asesoramiento\/subvenciones\/otras-subvenciones\/subvenciones-de-la-diputacion-foral-de-gipuzkoa\/sede-electronica-tramites-ayudas-becas-y-subvenciones-subvenciones-en-especie-para-fomentar-la-constitucion-de-comunidades-energeticas-en-municipios-de-menos-de-10-000-habitantes\/\">Implantaci\u00f3n en municipios de menos de 10.000 habitantes de instalaciones solares fotovoltaicas en cubiertas municipales y\/o de propiedad privada en r\u00e9gimen de autoconsumo colectivo ligadas a comunidades energ\u00e9ticas.<\/a><\/p>\n<\/details>\n<\/div>\n","protected":false},"excerpt":{"rendered":"<p>Ayudas, Becas y Subvenciones de la DFG CONVOCATORIAS ABIERTAS Por el momento no hay ninguna ayuda relacionada con el ahorro de energ\u00eda. CONVOCATORIAS CERRADAS<\/p>\n","protected":false},"author":4,"featured_media":0,"parent":1394,"menu_order":0,"comment_status":"closed","ping_status":"closed","template":"","meta":{"footnotes":""},"class_list":["post-1493","page","type-page","status-publish","hentry"],"_links":{"self":[{"href":"https:\/\/energiabulegoa.debagoiena.eus\/es\/wp-json\/wp\/v2\/pages\/1493","targetHints":{"allow":["GET"]}}],"collection":[{"href":"https:\/\/energiabulegoa.debagoiena.eus\/es\/wp-json\/wp\/v2\/pages"}],"about":[{"href":"https:\/\/energiabulegoa.debagoiena.eus\/es\/wp-json\/wp\/v2\/types\/page"}],"author":[{"embeddable":true,"href":"https:\/\/energiabulegoa.debagoiena.eus\/es\/wp-json\/wp\/v2\/users\/4"}],"replies":[{"embeddable":true,"href":"https:\/\/energiabulegoa.debagoiena.eus\/es\/wp-json\/wp\/v2\/comments?post=1493"}],"version-history":[{"count":11,"href":"https:\/\/energiabulegoa.debagoiena.eus\/es\/wp-json\/wp\/v2\/pages\/1493\/revisions"}],"predecessor-version":[{"id":1782,"href":"https:\/\/energiabulegoa.debagoiena.eus\/es\/wp-json\/wp\/v2\/pages\/1493\/revisions\/1782"}],"up":[{"embeddable":true,"href":"https:\/\/energiabulegoa.debagoiena.eus\/es\/wp-json\/wp\/v2\/pages\/1394"}],"wp:attachment":[{"href":"https:\/\/energiabulegoa.debagoiena.eus\/es\/wp-json\/wp\/v2\/media?parent=1493"}],"curies":[{"name":"wp","href":"https:\/\/api.w.org\/{rel}","templated":true}]}}