{"id":190,"date":"2023-10-31T15:44:28","date_gmt":"2023-10-31T14:44:28","guid":{"rendered":"https:\/\/energiabulegoa.o\u00f1ati.eus\/oficina-de-asesoramiento\/"},"modified":"2025-05-09T12:14:04","modified_gmt":"2025-05-09T11:14:04","slug":"oficina-de-asesoramiento","status":"publish","type":"page","link":"https:\/\/energiabulegoa.debagoiena.eus\/es\/energia-bulegoa\/oficina-de-asesoramiento\/","title":{"rendered":"OFICINA DE ASESORAMIENTO"},"content":{"rendered":"\n<div class=\"wp-block-group alignfull has-global-padding is-layout-constrained wp-block-group-is-layout-constrained\" style=\"margin-top:0;margin-bottom:0;padding-top:var(--wp--preset--spacing--60);padding-bottom:var(--wp--preset--spacing--60)\">\n<div class=\"wp-block-columns alignwide is-layout-flex wp-container-core-columns-is-layout-b75c6b02 wp-block-columns-is-layout-flex\" style=\"padding-top:var(--wp--preset--spacing--30);padding-bottom:var(--wp--preset--spacing--30)\">\n<div class=\"wp-block-column is-layout-flow wp-block-column-is-layout-flow\">\n<figure class=\"wp-block-image aligncenter size-full is-resized\"><img loading=\"lazy\" decoding=\"async\" width=\"2084\" height=\"2084\" src=\"https:\/\/energiabulegoa.debagoiena.eus\/wp-content\/uploads\/2025\/03\/Web_Ikonoa_Fakturak.png\" alt=\"\" class=\"wp-image-1103\" style=\"aspect-ratio:1;object-fit:contain;width:100px\" srcset=\"https:\/\/energiabulegoa.debagoiena.eus\/wp-content\/uploads\/2025\/03\/Web_Ikonoa_Fakturak.png 2084w, https:\/\/energiabulegoa.debagoiena.eus\/wp-content\/uploads\/2025\/03\/Web_Ikonoa_Fakturak-300x300.png 300w, https:\/\/energiabulegoa.debagoiena.eus\/wp-content\/uploads\/2025\/03\/Web_Ikonoa_Fakturak-1024x1024.png 1024w, https:\/\/energiabulegoa.debagoiena.eus\/wp-content\/uploads\/2025\/03\/Web_Ikonoa_Fakturak-150x150.png 150w, https:\/\/energiabulegoa.debagoiena.eus\/wp-content\/uploads\/2025\/03\/Web_Ikonoa_Fakturak-768x768.png 768w, https:\/\/energiabulegoa.debagoiena.eus\/wp-content\/uploads\/2025\/03\/Web_Ikonoa_Fakturak-1536x1536.png 1536w, https:\/\/energiabulegoa.debagoiena.eus\/wp-content\/uploads\/2025\/03\/Web_Ikonoa_Fakturak-2048x2048.png 2048w\" sizes=\"auto, (max-width: 2084px) 100vw, 2084px\" \/><\/figure>\n\n\n\n<h3 class=\"wp-block-heading has-text-align-center\">Informaci\u00f3n sobre facturas<\/h3>\n\n\n\n<div class=\"wp-block-buttons is-content-justification-center is-layout-flex wp-container-core-buttons-is-layout-a89b3969 wp-block-buttons-is-layout-flex\">\n<div class=\"wp-block-button\"><a class=\"wp-block-button__link has-background-color has-secondary-background-color has-text-color has-background has-link-color wp-element-button\" href=\"https:\/\/energiabulegoa.debagoiena.eus\/es\/energia-bulegoa\/oficina-de-asesoramiento\/facturas\/\">Consultas online<\/a><\/div>\n<\/div>\n<\/div>\n\n\n\n<div class=\"wp-block-column is-layout-flow wp-block-column-is-layout-flow\">\n<figure class=\"wp-block-image aligncenter size-full is-resized\"><img loading=\"lazy\" decoding=\"async\" width=\"2084\" height=\"2084\" src=\"https:\/\/energiabulegoa.debagoiena.eus\/wp-content\/uploads\/2025\/03\/Web_Ikonoa_Kontsumoak.png\" alt=\"\" class=\"wp-image-1105\" style=\"aspect-ratio:1;object-fit:contain;width:100px\" srcset=\"https:\/\/energiabulegoa.debagoiena.eus\/wp-content\/uploads\/2025\/03\/Web_Ikonoa_Kontsumoak.png 2084w, https:\/\/energiabulegoa.debagoiena.eus\/wp-content\/uploads\/2025\/03\/Web_Ikonoa_Kontsumoak-300x300.png 300w, https:\/\/energiabulegoa.debagoiena.eus\/wp-content\/uploads\/2025\/03\/Web_Ikonoa_Kontsumoak-1024x1024.png 1024w, https:\/\/energiabulegoa.debagoiena.eus\/wp-content\/uploads\/2025\/03\/Web_Ikonoa_Kontsumoak-150x150.png 150w, https:\/\/energiabulegoa.debagoiena.eus\/wp-content\/uploads\/2025\/03\/Web_Ikonoa_Kontsumoak-768x768.png 768w, https:\/\/energiabulegoa.debagoiena.eus\/wp-content\/uploads\/2025\/03\/Web_Ikonoa_Kontsumoak-1536x1536.png 1536w, https:\/\/energiabulegoa.debagoiena.eus\/wp-content\/uploads\/2025\/03\/Web_Ikonoa_Kontsumoak-2048x2048.png 2048w\" sizes=\"auto, (max-width: 2084px) 100vw, 2084px\" \/><\/figure>\n\n\n\n<h3 class=\"wp-block-heading has-text-align-center\">Informaci\u00f3n de consumos<\/h3>\n\n\n\n<div class=\"wp-block-buttons is-content-justification-center is-layout-flex wp-container-core-buttons-is-layout-a89b3969 wp-block-buttons-is-layout-flex\">\n<div class=\"wp-block-button\"><a class=\"wp-block-button__link has-background-color has-secondary-background-color has-text-color has-background has-link-color wp-element-button\" href=\"https:\/\/energiabulegoa.debagoiena.eus\/es\/energia-bulegoa\/oficina-de-asesoramiento\/consulta-tus-consumos\/\">Consultas online<\/a><\/div>\n<\/div>\n<\/div>\n\n\n\n<div class=\"wp-block-column is-layout-flow wp-block-column-is-layout-flow\">\n<figure class=\"wp-block-image aligncenter size-full is-resized\"><img loading=\"lazy\" decoding=\"async\" width=\"2084\" height=\"2084\" src=\"https:\/\/energiabulegoa.debagoiena.eus\/wp-content\/uploads\/2025\/03\/Web_Ikonoa_Diru-laguntzak.png\" alt=\"\" class=\"wp-image-1101\" style=\"aspect-ratio:1;object-fit:contain;width:100px\" srcset=\"https:\/\/energiabulegoa.debagoiena.eus\/wp-content\/uploads\/2025\/03\/Web_Ikonoa_Diru-laguntzak.png 2084w, https:\/\/energiabulegoa.debagoiena.eus\/wp-content\/uploads\/2025\/03\/Web_Ikonoa_Diru-laguntzak-300x300.png 300w, https:\/\/energiabulegoa.debagoiena.eus\/wp-content\/uploads\/2025\/03\/Web_Ikonoa_Diru-laguntzak-1024x1024.png 1024w, https:\/\/energiabulegoa.debagoiena.eus\/wp-content\/uploads\/2025\/03\/Web_Ikonoa_Diru-laguntzak-150x150.png 150w, https:\/\/energiabulegoa.debagoiena.eus\/wp-content\/uploads\/2025\/03\/Web_Ikonoa_Diru-laguntzak-768x768.png 768w, https:\/\/energiabulegoa.debagoiena.eus\/wp-content\/uploads\/2025\/03\/Web_Ikonoa_Diru-laguntzak-1536x1536.png 1536w, https:\/\/energiabulegoa.debagoiena.eus\/wp-content\/uploads\/2025\/03\/Web_Ikonoa_Diru-laguntzak-2048x2048.png 2048w\" sizes=\"auto, (max-width: 2084px) 100vw, 2084px\" \/><\/figure>\n\n\n\n<h3 class=\"wp-block-heading has-text-align-center\">Informaci\u00f3n de subvenciones<\/h3>\n\n\n\n<div class=\"wp-block-buttons is-content-justification-center is-layout-flex wp-container-core-buttons-is-layout-a89b3969 wp-block-buttons-is-layout-flex\">\n<div class=\"wp-block-button\"><a class=\"wp-block-button__link has-background-color has-secondary-background-color has-text-color has-background has-link-color wp-element-button\" href=\"https:\/\/energiabulegoa.debagoiena.eus\/es\/energia-bulegoa\/oficina-de-asesoramiento\/subvenciones\/\">Consultas online<\/a><\/div>\n<\/div>\n<\/div>\n\n\n\n<div class=\"wp-block-column is-layout-flow wp-block-column-is-layout-flow\">\n<figure class=\"wp-block-image aligncenter size-full is-resized\"><img loading=\"lazy\" decoding=\"async\" width=\"2084\" height=\"2084\" src=\"https:\/\/energiabulegoa.debagoiena.eus\/wp-content\/uploads\/2025\/03\/Web_Ikonoa_Aholkularitza.png\" alt=\"\" class=\"wp-image-1099\" style=\"aspect-ratio:1;object-fit:contain;width:100px\" srcset=\"https:\/\/energiabulegoa.debagoiena.eus\/wp-content\/uploads\/2025\/03\/Web_Ikonoa_Aholkularitza.png 2084w, https:\/\/energiabulegoa.debagoiena.eus\/wp-content\/uploads\/2025\/03\/Web_Ikonoa_Aholkularitza-300x300.png 300w, https:\/\/energiabulegoa.debagoiena.eus\/wp-content\/uploads\/2025\/03\/Web_Ikonoa_Aholkularitza-1024x1024.png 1024w, https:\/\/energiabulegoa.debagoiena.eus\/wp-content\/uploads\/2025\/03\/Web_Ikonoa_Aholkularitza-150x150.png 150w, https:\/\/energiabulegoa.debagoiena.eus\/wp-content\/uploads\/2025\/03\/Web_Ikonoa_Aholkularitza-768x768.png 768w, https:\/\/energiabulegoa.debagoiena.eus\/wp-content\/uploads\/2025\/03\/Web_Ikonoa_Aholkularitza-1536x1536.png 1536w, https:\/\/energiabulegoa.debagoiena.eus\/wp-content\/uploads\/2025\/03\/Web_Ikonoa_Aholkularitza-2048x2048.png 2048w\" sizes=\"auto, (max-width: 2084px) 100vw, 2084px\" \/><\/figure>\n\n\n\n<h3 class=\"wp-block-heading has-text-align-center\">Oficinas presenciales<\/h3>\n\n\n\n<div class=\"wp-block-buttons is-content-justification-center is-layout-flex wp-container-core-buttons-is-layout-a89b3969 wp-block-buttons-is-layout-flex\">\n<div class=\"wp-block-button\"><a class=\"wp-block-button__link has-background-color has-secondary-background-color has-text-color has-background has-link-color wp-element-button\" href=\"https:\/\/energiabulegoa.debagoiena.eus\/es\/energia-bulegoa\/oficina-de-asesoramiento\/oficina-de-asesoramiento\/\">Consultas online<\/a><\/div>\n<\/div>\n<\/div>\n<\/div>\n<\/div>\n\n<p><\/p>\n","protected":false},"excerpt":{"rendered":"<p>Informaci\u00f3n sobre facturas Informaci\u00f3n de consumos Informaci\u00f3n de subvenciones Oficinas presenciales<\/p>\n","protected":false},"author":1,"featured_media":0,"parent":197,"menu_order":0,"comment_status":"closed","ping_status":"closed","template":"","meta":{"footnotes":""},"class_list":["post-190","page","type-page","status-publish","hentry"],"_links":{"self":[{"href":"https:\/\/energiabulegoa.debagoiena.eus\/es\/wp-json\/wp\/v2\/pages\/190","targetHints":{"allow":["GET"]}}],"collection":[{"href":"https:\/\/energiabulegoa.debagoiena.eus\/es\/wp-json\/wp\/v2\/pages"}],"about":[{"href":"https:\/\/energiabulegoa.debagoiena.eus\/es\/wp-json\/wp\/v2\/types\/page"}],"author":[{"embeddable":true,"href":"https:\/\/energiabulegoa.debagoiena.eus\/es\/wp-json\/wp\/v2\/users\/1"}],"replies":[{"embeddable":true,"href":"https:\/\/energiabulegoa.debagoiena.eus\/es\/wp-json\/wp\/v2\/comments?post=190"}],"version-history":[{"count":17,"href":"https:\/\/energiabulegoa.debagoiena.eus\/es\/wp-json\/wp\/v2\/pages\/190\/revisions"}],"predecessor-version":[{"id":1886,"href":"https:\/\/energiabulegoa.debagoiena.eus\/es\/wp-json\/wp\/v2\/pages\/190\/revisions\/1886"}],"up":[{"embeddable":true,"href":"https:\/\/energiabulegoa.debagoiena.eus\/es\/wp-json\/wp\/v2\/pages\/197"}],"wp:attachment":[{"href":"https:\/\/energiabulegoa.debagoiena.eus\/es\/wp-json\/wp\/v2\/media?parent=190"}],"curies":[{"name":"wp","href":"https:\/\/api.w.org\/{rel}","templated":true}]}}