{"id":197,"date":"2023-11-02T11:45:31","date_gmt":"2023-11-02T10:45:31","guid":{"rendered":"https:\/\/energiabulegoa.o\u00f1ati.eus\/energia-bulegoa\/"},"modified":"2025-11-07T13:22:03","modified_gmt":"2025-11-07T12:22:03","slug":"energia-bulegoa","status":"publish","type":"page","link":"https:\/\/energiabulegoa.debagoiena.eus\/es\/","title":{"rendered":"OFICINA DE ENERG\u00cdA"},"content":{"rendered":"\n<div class=\"wp-block-cover alignfull is-light\" style=\"margin-top:0;margin-bottom:0;min-height:396px;aspect-ratio:unset;\"><img loading=\"lazy\" decoding=\"async\" width=\"2252\" height=\"1012\" class=\"wp-block-cover__image-background wp-image-1174\" alt=\"\" src=\"https:\/\/energiabulegoa.debagoiena.eus\/wp-content\/uploads\/2025\/03\/Web_Home_v2_optimized.jpg\" data-object-fit=\"cover\" srcset=\"https:\/\/energiabulegoa.debagoiena.eus\/wp-content\/uploads\/2025\/03\/Web_Home_v2_optimized.jpg 2252w, https:\/\/energiabulegoa.debagoiena.eus\/wp-content\/uploads\/2025\/03\/Web_Home_v2_optimized-300x135.jpg 300w, https:\/\/energiabulegoa.debagoiena.eus\/wp-content\/uploads\/2025\/03\/Web_Home_v2_optimized-1024x460.jpg 1024w, https:\/\/energiabulegoa.debagoiena.eus\/wp-content\/uploads\/2025\/03\/Web_Home_v2_optimized-768x345.jpg 768w, https:\/\/energiabulegoa.debagoiena.eus\/wp-content\/uploads\/2025\/03\/Web_Home_v2_optimized-1536x690.jpg 1536w, https:\/\/energiabulegoa.debagoiena.eus\/wp-content\/uploads\/2025\/03\/Web_Home_v2_optimized-2048x920.jpg 2048w\" sizes=\"auto, (max-width: 2252px) 100vw, 2252px\" \/><span aria-hidden=\"true\" class=\"wp-block-cover__background has-background-dim-0 has-background-dim\" style=\"background-color:#86817b\"><\/span><div class=\"wp-block-cover__inner-container is-layout-flow wp-block-cover-is-layout-flow\">\n<p class=\"has-text-align-center has-large-font-size\"><\/p>\n\n\n\n<div class=\"wp-block-columns is-layout-flex wp-container-core-columns-is-layout-28f84493 wp-block-columns-is-layout-flex\">\n<div class=\"wp-block-column is-layout-flow wp-block-column-is-layout-flow\"><\/div>\n\n\n\n<div class=\"wp-block-column is-layout-flow wp-block-column-is-layout-flow\"><\/div>\n\n\n\n<div class=\"wp-block-column is-layout-flow wp-block-column-is-layout-flow\">\n<h1 class=\"wp-block-heading\"><a href=\"&#13;&#10;https:\/\/vimeo.com\/1063186132\" data-type=\"link\" data-id=\"h&#13;&#10;https:\/\/vimeo.com\/1063186132\" target=\"_blank\" rel=\"noreferrer noopener\"><mark style=\"background-color:rgba(0, 0, 0, 0)\" class=\"has-inline-color has-background-color\">enciende el cambio<\/mark><\/a><\/h1>\n<\/div>\n<\/div>\n\n\n\n<div class=\"wp-block-columns is-layout-flex wp-container-core-columns-is-layout-28f84493 wp-block-columns-is-layout-flex\">\n<div class=\"wp-block-column is-layout-flow wp-block-column-is-layout-flow\"><\/div>\n\n\n\n<div class=\"wp-block-column is-layout-flow wp-block-column-is-layout-flow\"><\/div>\n\n\n\n<div class=\"wp-block-column is-layout-flow wp-block-column-is-layout-flow\">\n<p><mark style=\"background-color:rgba(0, 0, 0, 0)\" class=\"has-inline-color has-background-color\">Somos un punto de informaci\u00f3n sobre energ\u00eda. Recorremos Debagoiena municipio por municipio ofreciendo orientaci\u00f3n a la ciudadan\u00eda para que pueda entender y reducir el consumo energ\u00e9tico de su hogar, manteniendo el foco en la sostenibilidad, guiando a nuestra comarca hacia un nuevo modelo energ\u00e9tico.<\/mark><\/p>\n<\/div>\n<\/div>\n<\/div><\/div>\n\n\n\n<div class=\"wp-block-group alignfull has-background-background-color has-background has-global-padding is-layout-constrained wp-container-core-group-is-layout-e44c467f wp-block-group-is-layout-constrained\" style=\"margin-top:0;margin-bottom:0;padding-top:var(--wp--preset--spacing--60);padding-bottom:var(--wp--preset--spacing--60)\">\n<div class=\"wp-block-columns alignwide is-layout-flex wp-container-core-columns-is-layout-28f84493 wp-block-columns-is-layout-flex\">\n<div class=\"wp-block-column is-layout-flow wp-block-column-is-layout-flow\">\n<figure class=\"wp-block-image aligncenter size-full is-resized\"><img loading=\"lazy\" decoding=\"async\" width=\"2084\" height=\"2084\" src=\"https:\/\/energiabulegoa.debagoiena.eus\/wp-content\/uploads\/2025\/03\/Web_Ikonoa_Fakturak.png\" alt=\"\" class=\"wp-image-1103\" style=\"aspect-ratio:1;object-fit:contain;width:215px\" srcset=\"https:\/\/energiabulegoa.debagoiena.eus\/wp-content\/uploads\/2025\/03\/Web_Ikonoa_Fakturak.png 2084w, https:\/\/energiabulegoa.debagoiena.eus\/wp-content\/uploads\/2025\/03\/Web_Ikonoa_Fakturak-300x300.png 300w, https:\/\/energiabulegoa.debagoiena.eus\/wp-content\/uploads\/2025\/03\/Web_Ikonoa_Fakturak-1024x1024.png 1024w, https:\/\/energiabulegoa.debagoiena.eus\/wp-content\/uploads\/2025\/03\/Web_Ikonoa_Fakturak-150x150.png 150w, https:\/\/energiabulegoa.debagoiena.eus\/wp-content\/uploads\/2025\/03\/Web_Ikonoa_Fakturak-768x768.png 768w, https:\/\/energiabulegoa.debagoiena.eus\/wp-content\/uploads\/2025\/03\/Web_Ikonoa_Fakturak-1536x1536.png 1536w, https:\/\/energiabulegoa.debagoiena.eus\/wp-content\/uploads\/2025\/03\/Web_Ikonoa_Fakturak-2048x2048.png 2048w\" sizes=\"auto, (max-width: 2084px) 100vw, 2084px\" \/><\/figure>\n\n\n\n<h3 class=\"wp-block-heading has-text-align-center\">Informaci\u00f3n de facturas<\/h3>\n\n\n\n<div class=\"wp-block-buttons is-content-justification-center is-layout-flex wp-container-core-buttons-is-layout-a89b3969 wp-block-buttons-is-layout-flex\">\n<div class=\"wp-block-button\"><a class=\"wp-block-button__link wp-element-button\" href=\"https:\/\/energiabulegoa.debagoiena.eus\/es\/energia-bulegoa\/oficina-de-asesoramiento\/facturas\/\">Consultar<\/a><\/div>\n<\/div>\n<\/div>\n\n\n\n<div class=\"wp-block-column is-layout-flow wp-block-column-is-layout-flow\">\n<figure class=\"wp-block-image aligncenter size-full is-resized\"><img loading=\"lazy\" decoding=\"async\" width=\"2084\" height=\"2084\" src=\"https:\/\/energiabulegoa.debagoiena.eus\/wp-content\/uploads\/2025\/03\/Web_Ikonoa_Kontsumoak.png\" alt=\"\" class=\"wp-image-1105\" style=\"aspect-ratio:1;object-fit:contain;width:215px\" srcset=\"https:\/\/energiabulegoa.debagoiena.eus\/wp-content\/uploads\/2025\/03\/Web_Ikonoa_Kontsumoak.png 2084w, https:\/\/energiabulegoa.debagoiena.eus\/wp-content\/uploads\/2025\/03\/Web_Ikonoa_Kontsumoak-300x300.png 300w, https:\/\/energiabulegoa.debagoiena.eus\/wp-content\/uploads\/2025\/03\/Web_Ikonoa_Kontsumoak-1024x1024.png 1024w, https:\/\/energiabulegoa.debagoiena.eus\/wp-content\/uploads\/2025\/03\/Web_Ikonoa_Kontsumoak-150x150.png 150w, https:\/\/energiabulegoa.debagoiena.eus\/wp-content\/uploads\/2025\/03\/Web_Ikonoa_Kontsumoak-768x768.png 768w, https:\/\/energiabulegoa.debagoiena.eus\/wp-content\/uploads\/2025\/03\/Web_Ikonoa_Kontsumoak-1536x1536.png 1536w, https:\/\/energiabulegoa.debagoiena.eus\/wp-content\/uploads\/2025\/03\/Web_Ikonoa_Kontsumoak-2048x2048.png 2048w\" sizes=\"auto, (max-width: 2084px) 100vw, 2084px\" \/><\/figure>\n\n\n\n<h3 class=\"wp-block-heading has-text-align-center\">Informaci\u00f3n de consumos<\/h3>\n\n\n\n<div class=\"wp-block-buttons is-content-justification-center is-layout-flex wp-container-core-buttons-is-layout-a89b3969 wp-block-buttons-is-layout-flex\">\n<div class=\"wp-block-button\"><a class=\"wp-block-button__link wp-element-button\" href=\"https:\/\/energiabulegoa.debagoiena.eus\/es\/energia-bulegoa\/oficina-de-asesoramiento\/consulta-tus-consumos\/\">Consultar<\/a><\/div>\n<\/div>\n<\/div>\n<\/div>\n\n\n\n<div class=\"wp-block-columns alignwide is-layout-flex wp-container-core-columns-is-layout-28f84493 wp-block-columns-is-layout-flex\">\n<div class=\"wp-block-column is-layout-flow wp-block-column-is-layout-flow\">\n<figure class=\"wp-block-image aligncenter size-full is-resized\"><img loading=\"lazy\" decoding=\"async\" width=\"2084\" height=\"2084\" src=\"https:\/\/energiabulegoa.debagoiena.eus\/wp-content\/uploads\/2025\/03\/Web_Ikonoa_Diru-laguntzak.png\" alt=\"\" class=\"wp-image-1101\" style=\"aspect-ratio:1;object-fit:cover;width:215px\" srcset=\"https:\/\/energiabulegoa.debagoiena.eus\/wp-content\/uploads\/2025\/03\/Web_Ikonoa_Diru-laguntzak.png 2084w, https:\/\/energiabulegoa.debagoiena.eus\/wp-content\/uploads\/2025\/03\/Web_Ikonoa_Diru-laguntzak-300x300.png 300w, https:\/\/energiabulegoa.debagoiena.eus\/wp-content\/uploads\/2025\/03\/Web_Ikonoa_Diru-laguntzak-1024x1024.png 1024w, https:\/\/energiabulegoa.debagoiena.eus\/wp-content\/uploads\/2025\/03\/Web_Ikonoa_Diru-laguntzak-150x150.png 150w, https:\/\/energiabulegoa.debagoiena.eus\/wp-content\/uploads\/2025\/03\/Web_Ikonoa_Diru-laguntzak-768x768.png 768w, https:\/\/energiabulegoa.debagoiena.eus\/wp-content\/uploads\/2025\/03\/Web_Ikonoa_Diru-laguntzak-1536x1536.png 1536w, https:\/\/energiabulegoa.debagoiena.eus\/wp-content\/uploads\/2025\/03\/Web_Ikonoa_Diru-laguntzak-2048x2048.png 2048w\" sizes=\"auto, (max-width: 2084px) 100vw, 2084px\" \/><\/figure>\n\n\n\n<h3 class=\"wp-block-heading has-text-align-center\">Informaci\u00f3n de subvenciones<\/h3>\n\n\n\n<div class=\"wp-block-buttons is-content-justification-center is-layout-flex wp-container-core-buttons-is-layout-a89b3969 wp-block-buttons-is-layout-flex\">\n<div class=\"wp-block-button\"><a class=\"wp-block-button__link wp-element-button\" href=\"https:\/\/energiabulegoa.debagoiena.eus\/es\/energia-bulegoa\/oficina-de-asesoramiento\/subvenciones\/\">Consultar<\/a><\/div>\n<\/div>\n<\/div>\n\n\n\n<div class=\"wp-block-column is-layout-flow wp-block-column-is-layout-flow\">\n<figure class=\"wp-block-image aligncenter size-full is-resized\"><img loading=\"lazy\" decoding=\"async\" width=\"2084\" height=\"2084\" src=\"https:\/\/energiabulegoa.debagoiena.eus\/wp-content\/uploads\/2025\/03\/Web_Ikonoa_Aholkularitza.png\" alt=\"\" class=\"wp-image-1099\" style=\"aspect-ratio:1;object-fit:contain;width:215px\" srcset=\"https:\/\/energiabulegoa.debagoiena.eus\/wp-content\/uploads\/2025\/03\/Web_Ikonoa_Aholkularitza.png 2084w, https:\/\/energiabulegoa.debagoiena.eus\/wp-content\/uploads\/2025\/03\/Web_Ikonoa_Aholkularitza-300x300.png 300w, https:\/\/energiabulegoa.debagoiena.eus\/wp-content\/uploads\/2025\/03\/Web_Ikonoa_Aholkularitza-1024x1024.png 1024w, https:\/\/energiabulegoa.debagoiena.eus\/wp-content\/uploads\/2025\/03\/Web_Ikonoa_Aholkularitza-150x150.png 150w, https:\/\/energiabulegoa.debagoiena.eus\/wp-content\/uploads\/2025\/03\/Web_Ikonoa_Aholkularitza-768x768.png 768w, https:\/\/energiabulegoa.debagoiena.eus\/wp-content\/uploads\/2025\/03\/Web_Ikonoa_Aholkularitza-1536x1536.png 1536w, https:\/\/energiabulegoa.debagoiena.eus\/wp-content\/uploads\/2025\/03\/Web_Ikonoa_Aholkularitza-2048x2048.png 2048w\" sizes=\"auto, (max-width: 2084px) 100vw, 2084px\" \/><\/figure>\n\n\n\n<h3 class=\"wp-block-heading has-text-align-center\">Oficinas presenciales<\/h3>\n\n\n\n<div class=\"wp-block-buttons is-content-justification-center is-layout-flex wp-container-core-buttons-is-layout-a89b3969 wp-block-buttons-is-layout-flex\">\n<div class=\"wp-block-button\"><a class=\"wp-block-button__link has-background-color has-text-color has-link-color wp-element-button\" href=\"https:\/\/energiabulegoa.debagoiena.eus\/es\/energia-bulegoa\/oficina-de-asesoramiento\/oficina-de-asesoramiento\/\">Consultar<\/a><\/div>\n<\/div>\n<\/div>\n<\/div>\n\n\n\n<div class=\"wp-block-columns is-layout-flex wp-container-core-columns-is-layout-28f84493 wp-block-columns-is-layout-flex\">\n<div class=\"wp-block-column is-layout-flow wp-block-column-is-layout-flow\" style=\"flex-basis:25%\"><\/div>\n\n\n\n<div class=\"wp-block-column wp-embed-aspect-16-9 wp-has-aspect-ratio is-layout-flow wp-block-column-is-layout-flow\" style=\"flex-basis:50%\">\n<figure class=\"wp-block-embed is-type-video is-provider-vimeo wp-block-embed-vimeo wp-embed-aspect-16-9 wp-has-aspect-ratio\"><div class=\"wp-block-embed__wrapper\">\n<iframe loading=\"lazy\" title=\"Oficina energia Debagoiena promo\" src=\"https:\/\/player.vimeo.com\/video\/1134572260?dnt=1&amp;app_id=122963\" width=\"500\" height=\"281\" frameborder=\"0\" allow=\"autoplay; fullscreen; picture-in-picture; clipboard-write; encrypted-media; web-share\" referrerpolicy=\"strict-origin-when-cross-origin\"><\/iframe>\n<\/div><\/figure>\n<\/div>\n\n\n\n<div class=\"wp-block-column is-layout-flow wp-block-column-is-layout-flow\" style=\"flex-basis:25%\"><\/div>\n<\/div>\n<\/div>\n\n\n\n<div class=\"wp-block-group alignfull has-background-background-color has-background has-global-padding is-layout-constrained wp-block-group-is-layout-constrained\" style=\"margin-top:0;margin-bottom:0;padding-top:var(--wp--preset--spacing--40);padding-bottom:var(--wp--preset--spacing--40)\">\n<figure class=\"wp-block-image aligncenter size-full is-resized wp-duotone-000000-f7f4ea-1\"><img loading=\"lazy\" decoding=\"async\" width=\"230\" height=\"89\" src=\"https:\/\/energiabulegoa.debagoiena.eus\/wp-content\/uploads\/2023\/10\/logo.png\" alt=\"\" class=\"wp-image-751\" style=\"width:180px;height:auto\"\/><\/figure>\n\n\n\n<div class=\"wp-block-group is-content-justification-center is-layout-flex wp-container-core-group-is-layout-e50c512e wp-block-group-is-layout-flex\" style=\"padding-top:var(--wp--preset--spacing--40);padding-bottom:var(--wp--preset--spacing--40)\">\n<figure class=\"wp-block-image size-full is-resized wp-duotone-000000-f7f4ea-2\"><a href=\"https:\/\/www.arrasate.eus\/\" target=\"_blank\" rel=\"noreferrer noopener\"><img loading=\"lazy\" decoding=\"async\" width=\"962\" height=\"286\" src=\"https:\/\/energiabulegoa.debagoiena.eus\/wp-content\/uploads\/2024\/12\/image.png\" alt=\"\" class=\"wp-image-1037\" style=\"width:182px;height:auto\" srcset=\"https:\/\/energiabulegoa.debagoiena.eus\/wp-content\/uploads\/2024\/12\/image.png 962w, https:\/\/energiabulegoa.debagoiena.eus\/wp-content\/uploads\/2024\/12\/image-300x89.png 300w, https:\/\/energiabulegoa.debagoiena.eus\/wp-content\/uploads\/2024\/12\/image-768x228.png 768w\" sizes=\"auto, (max-width: 962px) 100vw, 962px\" \/><\/a><\/figure>\n\n\n\n<figure class=\"wp-block-image size-full is-resized wp-duotone-grayscale\"><a href=\"https:\/\/www.bergara.eus\/es\" target=\"_blank\" rel=\"noreferrer noopener\"><img loading=\"lazy\" decoding=\"async\" width=\"3473\" height=\"1073\" src=\"https:\/\/energiabulegoa.debagoiena.eus\/wp-content\/uploads\/2024\/12\/Bergara-izan-bizi-ekin.png\" alt=\"\" class=\"wp-image-1023\" style=\"width:147px;height:auto\" srcset=\"https:\/\/energiabulegoa.debagoiena.eus\/wp-content\/uploads\/2024\/12\/Bergara-izan-bizi-ekin.png 3473w, https:\/\/energiabulegoa.debagoiena.eus\/wp-content\/uploads\/2024\/12\/Bergara-izan-bizi-ekin-300x93.png 300w, https:\/\/energiabulegoa.debagoiena.eus\/wp-content\/uploads\/2024\/12\/Bergara-izan-bizi-ekin-1024x316.png 1024w, https:\/\/energiabulegoa.debagoiena.eus\/wp-content\/uploads\/2024\/12\/Bergara-izan-bizi-ekin-768x237.png 768w, https:\/\/energiabulegoa.debagoiena.eus\/wp-content\/uploads\/2024\/12\/Bergara-izan-bizi-ekin-1536x475.png 1536w, https:\/\/energiabulegoa.debagoiena.eus\/wp-content\/uploads\/2024\/12\/Bergara-izan-bizi-ekin-2048x633.png 2048w\" sizes=\"auto, (max-width: 3473px) 100vw, 3473px\" \/><\/a><\/figure>\n\n\n\n<figure class=\"wp-block-image size-full is-resized wp-duotone-000000-f7f4ea-3\"><a href=\"https:\/\/www.o\u00f1ati.eus\/\" target=\"_blank\" rel=\"noreferrer noopener\"><img loading=\"lazy\" decoding=\"async\" width=\"501\" height=\"205\" src=\"https:\/\/energiabulegoa.debagoiena.eus\/wp-content\/uploads\/2024\/12\/onati-logo.png\" alt=\"\" class=\"wp-image-1033\" style=\"width:147px;height:auto\" srcset=\"https:\/\/energiabulegoa.debagoiena.eus\/wp-content\/uploads\/2024\/12\/onati-logo.png 501w, https:\/\/energiabulegoa.debagoiena.eus\/wp-content\/uploads\/2024\/12\/onati-logo-300x123.png 300w\" sizes=\"auto, (max-width: 501px) 100vw, 501px\" \/><\/a><\/figure>\n\n\n\n<figure class=\"wp-block-image size-full is-resized wp-duotone-000000-f7f4ea-4\"><a href=\"https:\/\/www.aretxabaleta.eus\/\" target=\"_blank\" rel=\"noreferrer noopener\"><img loading=\"lazy\" decoding=\"async\" width=\"875\" height=\"492\" src=\"https:\/\/energiabulegoa.debagoiena.eus\/wp-content\/uploads\/2024\/12\/Aretxabaleta-edited.jpg\" alt=\"\" class=\"wp-image-1039\" style=\"width:153px;height:auto\" srcset=\"https:\/\/energiabulegoa.debagoiena.eus\/wp-content\/uploads\/2024\/12\/Aretxabaleta-edited.jpg 875w, https:\/\/energiabulegoa.debagoiena.eus\/wp-content\/uploads\/2024\/12\/Aretxabaleta-edited-300x169.jpg 300w, https:\/\/energiabulegoa.debagoiena.eus\/wp-content\/uploads\/2024\/12\/Aretxabaleta-edited-768x432.jpg 768w\" sizes=\"auto, (max-width: 875px) 100vw, 875px\" \/><\/a><\/figure>\n\n\n\n<figure class=\"wp-block-image size-large is-resized wp-duotone-000000-000000-5\"><a href=\"https:\/\/eskoriatza.eus\/\" target=\"_blank\" rel=\"noreferrer noopener\"><img loading=\"lazy\" decoding=\"async\" width=\"2479\" height=\"2478\" src=\"https:\/\/energiabulegoa.debagoiena.eus\/wp-content\/uploads\/2024\/12\/Eskoriatza-edited.png\" alt=\"\" class=\"wp-image-1041\" style=\"width:125px;height:auto\" srcset=\"https:\/\/energiabulegoa.debagoiena.eus\/wp-content\/uploads\/2024\/12\/Eskoriatza-edited.png 2479w, https:\/\/energiabulegoa.debagoiena.eus\/wp-content\/uploads\/2024\/12\/Eskoriatza-edited-300x300.png 300w, https:\/\/energiabulegoa.debagoiena.eus\/wp-content\/uploads\/2024\/12\/Eskoriatza-edited-1024x1024.png 1024w, https:\/\/energiabulegoa.debagoiena.eus\/wp-content\/uploads\/2024\/12\/Eskoriatza-edited-150x150.png 150w, https:\/\/energiabulegoa.debagoiena.eus\/wp-content\/uploads\/2024\/12\/Eskoriatza-edited-768x768.png 768w, https:\/\/energiabulegoa.debagoiena.eus\/wp-content\/uploads\/2024\/12\/Eskoriatza-edited-1536x1536.png 1536w, https:\/\/energiabulegoa.debagoiena.eus\/wp-content\/uploads\/2024\/12\/Eskoriatza-edited-2048x2048.png 2048w\" sizes=\"auto, (max-width: 2479px) 100vw, 2479px\" \/><\/a><\/figure>\n\n\n\n<figure class=\"wp-block-image size-full is-resized wp-duotone-000000-f7f4ea-6\"><img loading=\"lazy\" decoding=\"async\" width=\"1135\" height=\"651\" src=\"https:\/\/energiabulegoa.debagoiena.eus\/wp-content\/uploads\/2025\/03\/Antzuola_MARKA_03.png\" alt=\"\" class=\"wp-image-1179\" style=\"width:164px;height:auto\" srcset=\"https:\/\/energiabulegoa.debagoiena.eus\/wp-content\/uploads\/2025\/03\/Antzuola_MARKA_03.png 1135w, https:\/\/energiabulegoa.debagoiena.eus\/wp-content\/uploads\/2025\/03\/Antzuola_MARKA_03-300x172.png 300w, https:\/\/energiabulegoa.debagoiena.eus\/wp-content\/uploads\/2025\/03\/Antzuola_MARKA_03-1024x587.png 1024w, https:\/\/energiabulegoa.debagoiena.eus\/wp-content\/uploads\/2025\/03\/Antzuola_MARKA_03-768x441.png 768w\" sizes=\"auto, (max-width: 1135px) 100vw, 1135px\" \/><\/figure>\n\n\n\n<figure class=\"wp-block-image size-large is-resized wp-duotone-000000-f7f4ea-7\"><a href=\"https:\/\/www.elgeta.eus\/\" target=\"_blank\" rel=\"noreferrer noopener\"><img loading=\"lazy\" decoding=\"async\" width=\"1024\" height=\"427\" src=\"https:\/\/energiabulegoa.debagoiena.eus\/wp-content\/uploads\/2024\/12\/Elgeta-1024x427.png\" alt=\"\" class=\"wp-image-1035\" style=\"width:168px;height:auto\" srcset=\"https:\/\/energiabulegoa.debagoiena.eus\/wp-content\/uploads\/2024\/12\/Elgeta-1024x427.png 1024w, https:\/\/energiabulegoa.debagoiena.eus\/wp-content\/uploads\/2024\/12\/Elgeta-300x125.png 300w, https:\/\/energiabulegoa.debagoiena.eus\/wp-content\/uploads\/2024\/12\/Elgeta-768x320.png 768w, https:\/\/energiabulegoa.debagoiena.eus\/wp-content\/uploads\/2024\/12\/Elgeta.png 1433w\" sizes=\"auto, (max-width: 1024px) 100vw, 1024px\" \/><\/a><\/figure>\n\n\n\n<figure class=\"wp-block-image size-full is-resized wp-duotone-000000-f7f4ea-8\"><a href=\"http:\/\/www.leintzgatzaga.eus\/\" target=\"_blank\" rel=\"noreferrer noopener\"><img loading=\"lazy\" decoding=\"async\" width=\"158\" height=\"141\" src=\"https:\/\/energiabulegoa.debagoiena.eus\/wp-content\/uploads\/2024\/12\/Gatzaga.png\" alt=\"\" class=\"wp-image-1027\" style=\"width:119px;height:auto\"\/><\/a><\/figure>\n\n\n\n<figure class=\"wp-block-image size-full is-resized wp-duotone-000000-f7f4ea-9\"><img loading=\"lazy\" decoding=\"async\" width=\"2480\" height=\"768\" src=\"https:\/\/energiabulegoa.debagoiena.eus\/wp-content\/uploads\/2025\/03\/Jasangarritasuna-1-eu.png\" alt=\"\" class=\"wp-image-1135\" style=\"width:288px;height:auto\" srcset=\"https:\/\/energiabulegoa.debagoiena.eus\/wp-content\/uploads\/2025\/03\/Jasangarritasuna-1-eu.png 2480w, https:\/\/energiabulegoa.debagoiena.eus\/wp-content\/uploads\/2025\/03\/Jasangarritasuna-1-eu-300x93.png 300w, https:\/\/energiabulegoa.debagoiena.eus\/wp-content\/uploads\/2025\/03\/Jasangarritasuna-1-eu-1024x317.png 1024w, https:\/\/energiabulegoa.debagoiena.eus\/wp-content\/uploads\/2025\/03\/Jasangarritasuna-1-eu-768x238.png 768w, https:\/\/energiabulegoa.debagoiena.eus\/wp-content\/uploads\/2025\/03\/Jasangarritasuna-1-eu-1536x476.png 1536w, https:\/\/energiabulegoa.debagoiena.eus\/wp-content\/uploads\/2025\/03\/Jasangarritasuna-1-eu-2048x634.png 2048w\" sizes=\"auto, (max-width: 2480px) 100vw, 2480px\" \/><\/figure>\n<\/div>\n<\/div>\n","protected":false},"excerpt":{"rendered":"<p>Informaci\u00f3n de facturas Informaci\u00f3n de consumos Informaci\u00f3n de subvenciones Oficinas presenciales<\/p>\n","protected":false},"author":1,"featured_media":0,"parent":0,"menu_order":0,"comment_status":"closed","ping_status":"closed","template":"","meta":{"footnotes":""},"class_list":["post-197","page","type-page","status-publish","hentry"],"_links":{"self":[{"href":"https:\/\/energiabulegoa.debagoiena.eus\/es\/wp-json\/wp\/v2\/pages\/197","targetHints":{"allow":["GET"]}}],"collection":[{"href":"https:\/\/energiabulegoa.debagoiena.eus\/es\/wp-json\/wp\/v2\/pages"}],"about":[{"href":"https:\/\/energiabulegoa.debagoiena.eus\/es\/wp-json\/wp\/v2\/types\/page"}],"author":[{"embeddable":true,"href":"https:\/\/energiabulegoa.debagoiena.eus\/es\/wp-json\/wp\/v2\/users\/1"}],"replies":[{"embeddable":true,"href":"https:\/\/energiabulegoa.debagoiena.eus\/es\/wp-json\/wp\/v2\/comments?post=197"}],"version-history":[{"count":37,"href":"https:\/\/energiabulegoa.debagoiena.eus\/es\/wp-json\/wp\/v2\/pages\/197\/revisions"}],"predecessor-version":[{"id":2370,"href":"https:\/\/energiabulegoa.debagoiena.eus\/es\/wp-json\/wp\/v2\/pages\/197\/revisions\/2370"}],"wp:attachment":[{"href":"https:\/\/energiabulegoa.debagoiena.eus\/es\/wp-json\/wp\/v2\/media?parent=197"}],"curies":[{"name":"wp","href":"https:\/\/api.w.org\/{rel}","templated":true}]}}