{"id":219,"date":"2023-11-02T11:50:58","date_gmt":"2023-11-02T10:50:58","guid":{"rendered":"https:\/\/energiabulegoa.o\u00f1ati.eus\/oficina-de-asesoramiento\/facturas\/gas\/"},"modified":"2025-05-08T11:19:26","modified_gmt":"2025-05-08T10:19:26","slug":"gas","status":"publish","type":"page","link":"https:\/\/energiabulegoa.debagoiena.eus\/es\/energia-bulegoa\/oficina-de-asesoramiento\/facturas\/gas\/","title":{"rendered":"GAS"},"content":{"rendered":"\n<h2 class=\"wp-block-heading\"><strong>GU\u00cdA PARA ENTENDER LA FACTURA<\/strong><\/h2>\n\n<details class=\"wp-block-details is-layout-flow wp-block-details-is-layout-flow\" style=\"padding-top:0;padding-right:var(--wp--preset--spacing--30);padding-bottom:0;padding-left:var(--wp--preset--spacing--30)\"><summary>1. \u00bfQU\u00c9 TIPO DE CONTRATO TENGO?<\/summary>\n<p>COMERCIALIZADORAS<\/p>\n\n\n\n<p>En primer lugar, conviene diferenciar entre distribuidores y comercializadores de gas. A nivel espa\u00f1ol, a cada zona le corresponde un \u00fanico distribuidor. A Debagoiena le corresponde en concreto la distribuidora <strong>Nortegas<\/strong>.<\/p>\n\n\n\n<p>En cuanto a la comercializadora, normalmente los ciudadanos podemos elegir libremente, siempre y cuando el gas natural llegue a nuestro lugar de residencia:<\/p>\n\n\n\n<ul class=\"wp-block-list\">\n<li>En los pueblos donde no hay gas natural suele haber un dep\u00f3sito de propano. En estos casos el ciudadano no pueden negociar el precio del gas.<\/li>\n\n\n\n<li>En los casos de presencia de gas natural, podremos elegir entre comercializadores libres y regulados:\n<ul class=\"wp-block-list\">\n<li>DE MERCADO LIBRE: Ofrecen una amplia oferta de tarifas para poder elegir la que m\u00e1s nos interese. Incluyen descuentos y servicios de mantenimiento significativos, pero tambi\u00e9n cl\u00e1usulas de permanencia. En estos casos es necesario realizar un an\u00e1lisis exhaustivo de la oferta.<\/li>\n\n\n\n<li>MERCADO REGULADO: Las comercializadoras de \u00faltimo recurso son las empresas que administran las tarifas del mercado regulado. Esto significa que la \u00fanica tarifa que pueden ofrecer estas comercializadoras la fija el gobierno, ofreciendo la Tarifa de \u00daltimo Recurso de Gas Natural (TUR), sin descuentos. Se actualizan cada tres meses. A nivel de Espa\u00f1a, son cuatro las compa\u00f1\u00edas que ofrecen esta tarifa:<\/li>\n<\/ul>\n<\/li>\n<\/ul>\n\n\n\n<figure class=\"wp-block-table aligncenter is-style-stripes\"><table><tbody><tr><td>COMERCIALIZADORAS<\/td><td>P\u00c1GINAS WEB<\/td><\/tr><tr><td>TUR Baser (Grupo TotalEnergies)<\/td><td><a href=\"https:\/\/www.basercor.es\/es\/\" target=\"_blank\" rel=\"noreferrer noopener\">https:\/\/www.basercor.es\/es\/<\/a><\/td><\/tr><tr><td>TUR Curenergia (Grupo Iberdrola)<\/td><td><a href=\"https:\/\/www.curenergia.es\/\" target=\"_blank\" rel=\"noreferrer noopener\">https:\/\/www.curenergia.es\/<\/a><\/td><\/tr><tr><td>TUR Energia XXI (Grupo Endesa)<\/td><td><a href=\"https:\/\/www.energiaxxi.com\/hogares.html\" target=\"_blank\" rel=\"noreferrer noopener\">https:\/\/www.energiaxxi.com\/hogares.html<\/a><\/td><\/tr><tr><td>TUR Gas &amp; Power (Grupo Naturgy)<\/td><td><a href=\"https:\/\/www.comercializadoraregulada.es\/regulada\" target=\"_blank\" rel=\"noreferrer noopener\">https:\/\/www.comercializadoraregulada.es\/regulada<\/a><\/td><\/tr><\/tbody><\/table><\/figure>\n<\/details>\n\n<hr class=\"wp-block-separator has-alpha-channel-opacity\"\/>\n\n<details class=\"wp-block-details is-layout-flow wp-block-details-is-layout-flow\" style=\"padding-top:0;padding-right:var(--wp--preset--spacing--30);padding-bottom:0;padding-left:var(--wp--preset--spacing--30)\"><summary>2. GRUPOS TARIFARIOS<\/summary>\n<p>La comercializadora, la regulada como la libre, sit\u00faa a cada consumidor en un grupo tarifario en funci\u00f3n de la cantidad de energ\u00eda consumida en el periodo anterior (del 1 de octubre al 30 de septiembre):<\/p>\n\n\n\n<figure class=\"wp-block-table is-style-stripes\"><table class=\"has-fixed-layout\"><thead><tr><th class=\"has-text-align-center\" data-align=\"center\"><strong>Grupos tarifarios<\/strong><\/th><th class=\"has-text-align-center\" data-align=\"center\"><strong>Consumo de gas del a\u00f1o anterior<\/strong><\/th><\/tr><\/thead><tbody><tr><td class=\"has-text-align-center\" data-align=\"center\">RL.1<\/td><td class=\"has-text-align-center\" data-align=\"center\">Consumo\u2a7d 5.000 kWh\/a\u00f1o<\/td><\/tr><tr><td class=\"has-text-align-center\" data-align=\"center\">RL.2<\/td><td class=\"has-text-align-center\" data-align=\"center\">5.000 kWh\/a\u00f1o \u2a7d consumo \u2a7d 15.000 kWh\/a\u00f1o<\/td><\/tr><tr><td class=\"has-text-align-center\" data-align=\"center\">RL.3<\/td><td class=\"has-text-align-center\" data-align=\"center\">15.000 kWh\/a\u00f1o \u2a7d consumo \u2a7d 50.000 kWh\/a\u00f1o<\/td><\/tr><tr><td class=\"has-text-align-center\" data-align=\"center\">RL.4<\/td><td class=\"has-text-align-center\" data-align=\"center\">50.000 kWh\/a\u00f1o \u2a7d consumo \u2a7d 300.000 kWh\/a\u00f1o<\/td><\/tr><tr><td class=\"has-text-align-center\" data-align=\"center\">&#8230;<\/td><td class=\"has-text-align-center\" data-align=\"center\">&#8230;<\/td><\/tr><tr><td class=\"has-text-align-center\" data-align=\"center\">RL.11<\/td><td class=\"has-text-align-center\" data-align=\"center\">Consumo &gt; 500 millones kWh\/a\u00f1o<\/td><\/tr><\/tbody><\/table><\/figure>\n\n\n\n<p>Cuanto m\u00e1s bajo es el grupo de tarificaci\u00f3n los precios son m\u00e1s baratos, por lo que conviene ajustar al m\u00e1ximo el consumo en la medida de lo posible. Las viviendas y negocios con calderas individualea se encuadran en los grupos de tarificaci\u00f3n RL.1 y RL.2. En el caso de los que tienen caldera comunitaria, estos se ubican normalmente en RL.3. Ajustar el consumo en comunidades suele ser m\u00e1s dif\u00edcil, no obstante, en negocios y viviendas puede ser planteable, sobre todo en aquellos que superen por poco los 5.000 kWh de consumo al a\u00f1o. Para ayudarnos en esto podemos consultar el apartado <strong>CONSEJOS PARA MEJORAR LA FACTURA<\/strong>, al final de la p\u00e1gina.<\/p>\n<\/details>\n\n<hr class=\"wp-block-separator has-alpha-channel-opacity\"\/>\n\n<details class=\"wp-block-details is-layout-flow wp-block-details-is-layout-flow\" style=\"padding-top:0;padding-right:var(--wp--preset--spacing--30);padding-bottom:0;padding-left:var(--wp--preset--spacing--30)\"><summary>3. LO QUE SE PAGA<\/summary>\n<p>En la factura del gas se pagan diferentes apartados.<\/p>\n\n\n\n<p>Por un lado, nos cobran el t\u00e9rmino fijo, que se paga seg\u00fan el grupo tarifario en el que nos sit\u00faa el consumo del a\u00f1o anterior, adem\u00e1s de la cantidad de energ\u00eda consumida y el alquiler del contador.<\/p>\n\n\n\n<p>Adem\u00e1s, tambi\u00e9n nos cobran el impuesto de hidrocarburos en funci\u00f3n de la energ\u00eda consumida durante el periodo de facturaci\u00f3n. Los kWh se pasan a Gigajulios (Gj) ya que la tasa que nos cobran lo hacen en esa unidad, en concreto, a 0,65 \u20ac\/ Gj.<\/p>\n\n\n\n<p>Por \u00faltimo, se nos aplicar\u00e1 el IVA (21%) a la suma de todo lo anterior.<\/p>\n\n\n\n<p><br\/>Adem\u00e1s, si el contrato es de mercado libre, podemos pagar otros muchos suplementos que, en realidad, no son obligatorios.<\/p>\n\n\n\n<ol class=\"wp-block-list\">\n<li>T\u00e9rmino de energ\u00eda:\n<ul class=\"wp-block-list\">\n<li>Disponibilidad: se paga en funci\u00f3n del grupo tarifario en el que nos sit\u00fae el consumo del a\u00f1o anterior<\/li>\n\n\n\n<li>Cantidad de energ\u00eda consumida<\/li>\n\n\n\n<li>Alquiler de contador (0,0197 \u20ac\/d\u00eda)<\/li>\n<\/ul>\n<\/li>\n\n\n\n<li>Servicios: <strong><mark style=\"background-color:rgba(0, 0, 0, 0)\" class=\"has-inline-color has-primary-color\">En tarifas de mercado libre<\/mark> otros servicios o seguros no obligatorios<\/strong> <mark style=\"background-color:rgba(0, 0, 0, 0)\" class=\"has-inline-color has-primary-color\">(Atenci\u00f3n! Muchas veces ni siquiera sabemos que tenemos contratado este servicio \u00a1y lo estamos pagando in\u00fatilmente!)<\/mark><\/li>\n\n\n\n<li>Tasas:\n<ul class=\"wp-block-list\">\n<li>Impuesto sobre los hidrocarburos (0,65 \u20ac\/Gj)<\/li>\n\n\n\n<li>IVA (21%): A la suma de todo lo anterior se le aplilca el IVA.<\/li>\n<\/ul>\n<\/li>\n<\/ol>\n<\/details>\n\n<hr class=\"wp-block-separator has-alpha-channel-opacity\"\/>\n\n<details class=\"wp-block-details is-layout-flow wp-block-details-is-layout-flow\" style=\"padding-top:0;padding-right:var(--wp--preset--spacing--30);padding-bottom:0;padding-left:var(--wp--preset--spacing--30)\"><summary>4. \u00bfCADA CUANTO SE PAGA?<\/summary>\n<p>Lo habitual es que la factura del gas se pague cada dos meses. No obstante, estar\u00e1 sujeto a las condiciones establecidas por la compa\u00f1\u00eda de gas. Ocasionalmente los per\u00edodos pueden ser m\u00e1s largos por distintos motivos. Es importante conocer el intervalo de duraci\u00f3n, ya que cuanto m\u00e1s largo sea el periodo m\u00e1s consumo pagaremos.<\/p>\n<\/details>\n\n<hr class=\"wp-block-separator has-alpha-channel-opacity\"\/>\n\n<details class=\"wp-block-details is-layout-flow wp-block-details-is-layout-flow\" style=\"padding-top:0;padding-right:var(--wp--preset--spacing--30);padding-bottom:0;padding-left:var(--wp--preset--spacing--30)\"><summary>5. \u00bfQU\u00c9 OTROS DATOS APARECEN EN LA FACTURA?<\/summary>\n<ul class=\"wp-block-list\">\n<li><strong>C\u00f3digo Universal del Punto de Suministro (CPU\/CUPS): <\/strong>es el n\u00famero de identificaci\u00f3n de la instalaci\u00f3n y ser\u00e1 siempre el mismo aunque se cambie de contrato o comercializador. Empieza por letras ES, despu\u00e9s de 16 n\u00fameros y termina por 2 letras. Suele utilizarse para contactar con el proveedor en caso de cualquier problema, as\u00ed como para pasar a otra tarifa.<\/li>\n\n\n\n<li><strong>Datos de facturaci\u00f3n:<\/strong> periodo de facturaci\u00f3n, fecha de cobro de la factura, datos del contrato y datos del titular<\/li>\n\n\n\n<li>Datos de suministro:\n<ul class=\"wp-block-list\">\n<li>consumos del periodo de facturaci\u00f3n en metros c\u00fabicos, como la resta de las lecturas actual y anterior<\/li>\n\n\n\n<li>Proceso de conversi\u00f3n de metro c\u00fabico a kWh<\/li>\n<\/ul>\n<\/li>\n\n\n\n<li>Gr\u00e1fica de la evoluci\u00f3n de nuestro consumo en los \u00faltimos 14 meses (esto nos da la oportunidad de comparar el consumo de la \u00faltima factura con el a\u00f1o anterior).<\/li>\n<\/ul>\n<\/details>\n\n<hr class=\"wp-block-separator has-alpha-channel-opacity\"\/>\n\n<details class=\"wp-block-details is-layout-flow wp-block-details-is-layout-flow\" style=\"padding-top:0;padding-right:var(--wp--preset--spacing--30);padding-bottom:0;padding-left:var(--wp--preset--spacing--30)\"><summary>6. \u00bfC\u00d3MO CALCULAR LO QUE SE PAGA?<\/summary>\n<p><span style=\"text-decoration: underline;\">GASTO DE LA DISPONIBILIDAD<\/span><\/p>\n\n\n\n<p>Es un gasto que se paga aunque no se utilice la electricidad, s\u00f3lo por la posibilidad de acceder a ella. El grupo tarifario en el que nos encontramos depende del consumo realizado el a\u00f1o anterior<\/p>\n\n\n\n<p>El gasto de potencia se puede calcular mediante la siguiente f\u00f3rmula:<br\/>Potencia = n\u00famero de d\u00edas de plazo de facturaci\u00f3n * precio diario de disponibilidada<br\/>Ejemplo = 60 d\u00edas * 0.2416 \u20ac\/ d\u00eda = 14.50 \u20ac<\/p>\n\n\n\n<p><span style=\"text-decoration: underline;\">C\u00c1LCULO DEL GASTO DE EN\u00c9RGIA CONSUMIDA<\/span><\/p>\n\n\n\n<p>En este caso, aunque el gas consumido durante el periodo de facturaci\u00f3n viene en metros c\u00fabicos, ellos transforman este dato a kWh porque cobran el consumo en funci\u00f3n de la energ\u00eda calor\u00edfica que supone el volumen de gas utilizado.<\/p>\n\n\n\n<p>Cada kWh al tener un precio fijo, lo \u00fanico que tenemos que hacer es multiplicar ese precio por la cantidad de kWh que hemos consumido para conseguir el gasto de energ\u00eda consumida.<\/p>\n\n\n\n<p class=\"has-text-align-left\">  Gasto energ\u00eda consumida = Cantidad de kWh consumida * precio (\u20ac\/ kWh)<\/p>\n\n\n\n<p class=\"has-text-align-center\"><br\/>Ejemplo: 1475 kWh * 0,084 \u20ac\/kWh = 123,90 \u20ac<\/p>\n<\/details>\n\n<h2 class=\"wp-block-heading\"><strong>CONSEJOS PARA MEJORAR LA FACTURA<\/strong><\/h2>\n\n<details class=\"wp-block-details is-layout-flow wp-block-details-is-layout-flow\" style=\"padding-top:var(--wp--preset--spacing--30);padding-right:var(--wp--preset--spacing--30);padding-bottom:var(--wp--preset--spacing--30);padding-left:var(--wp--preset--spacing--30)\"><summary>CONTROLA EL CONSUMO PARA QUE SEA INFERIOR A 5.000 kWh<\/summary>\n<p>\u00bfY por qu\u00e9 5.000 kWh? El distribuidor nos asigna la tarifa en funci\u00f3n del consumo que hemos tenido al a\u00f1o, en funci\u00f3n del cual pagaremos un t\u00e9rmino u otro. En el mercado libre cada compa\u00f1\u00eda fija los precios, pero en el regulado estos precios son p\u00fablicos y se actualizan trimestralmente. Los precios correspondientes a cada grupo tarifario es el siguiente:<\/p>\n\n\n\n<figure class=\"wp-block-table aligncenter is-style-stripes\"><table class=\"has-fixed-layout\"><thead><tr><th class=\"has-text-align-center\" data-align=\"center\"><strong>Grupos tarifarios<\/strong><\/th><th class=\"has-text-align-center\" data-align=\"center\"><strong>Consumo del a\u00f1o gas\u00edstico<\/strong><\/th><th class=\"has-text-align-center\" data-align=\"center\"><strong>Precio de la disponibilidad (\u20ac\/mes)<\/strong><\/th><th class=\"has-text-align-center\" data-align=\"center\"><strong>Precio del consumo (\u20ac\/kWh)<\/strong><\/th><\/tr><\/thead><tbody><tr><td class=\"has-text-align-center\" data-align=\"center\"><strong>TUR.1<\/strong><\/td><td class=\"has-text-align-center\" data-align=\"center\">hasta 5.000 kWh\/a\u00f1o<\/td><td class=\"has-text-align-center\" data-align=\"center\">3,26<\/td><td class=\"has-text-align-center\" data-align=\"center\">0,04375929<\/td><\/tr><tr><td class=\"has-text-align-center\" data-align=\"center\"><strong>TUR.2<\/strong><\/td><td class=\"has-text-align-center\" data-align=\"center\">5.000 &#8211; 15.000 kWh\/ a\u00f1o<\/td><td class=\"has-text-align-center\" data-align=\"center\">5,66<\/td><td class=\"has-text-align-center\" data-align=\"center\">0,04271925<\/td><\/tr><tr><td class=\"has-text-align-center\" data-align=\"center\"><strong>TUR.3<\/strong><\/td><td class=\"has-text-align-center\" data-align=\"center\">15.000 &#8211; 50.000 kWh\/a\u00f1o<\/td><td class=\"has-text-align-center\" data-align=\"center\">13,37<\/td><td class=\"has-text-align-center\" data-align=\"center\">0,03885797<\/td><\/tr><tr><td class=\"has-text-align-center\" data-align=\"center\"><strong>TUR.4<\/strong><\/td><td class=\"has-text-align-center\" data-align=\"center\">50.000 &#8211; 300.000 kWh\/a\u00f1o<\/td><td class=\"has-text-align-center\" data-align=\"center\">\u00a036,25<\/td><td class=\"has-text-align-center\" data-align=\"center\">0,03960217<\/td><\/tr><tr><td class=\"has-text-align-center\" data-align=\"center\"><strong>&#8230;<\/strong><\/td><td class=\"has-text-align-center\" data-align=\"center\">&#8230;<\/td><td class=\"has-text-align-center\" data-align=\"center\">&#8230;<\/td><td class=\"has-text-align-center\" data-align=\"center\">&#8230;<\/td><\/tr><tr><td class=\"has-text-align-center\" data-align=\"center\"><strong>TUR.11<\/strong><\/td><td class=\"has-text-align-center\" data-align=\"center\">a partir de 500.000.000 kWh\/a\u00f1o<\/td><td class=\"has-text-align-center\" data-align=\"center\">128.884,98<\/td><td class=\"has-text-align-center\" data-align=\"center\">0,02717655<\/td><\/tr><\/tbody><\/table><\/figure>\n\n\n\n<p>Si observamos con atenci\u00f3n los datos de la tabla, nos damos cuenta de que, a medida que aumenta en el grupo de tarificaci\u00f3n, aumenta el t\u00e9rmino de la disponibilidad, pero baja el del consumo, Pero si miramos mejor, nos damos cuenta de que, aunque el t\u00e9rmino de la disponibilidad sube bastante de un salto a otro, el descenso del consumo no llega ni a un c\u00e9ntimo.<\/p>\n\n\n\n<p>Normalmente, con agua caliente, cocina de gas y calefacci\u00f3n a la vez, se superan los 5.000 kWh al a\u00f1o, pero si andamos cerca, significa que adaptando los h\u00e1bitos de consumo, podemos llegar, de cara al pr\u00f3ximo a\u00f1o, a pagar menos por el t\u00e9rmino de disponibilidad.<\/p>\n<\/details>\n","protected":false},"excerpt":{"rendered":"<p>GU\u00cdA PARA ENTENDER LA FACTURA CONSEJOS PARA MEJORAR LA FACTURA<\/p>\n","protected":false},"author":1,"featured_media":0,"parent":193,"menu_order":0,"comment_status":"closed","ping_status":"closed","template":"","meta":{"footnotes":""},"class_list":["post-219","page","type-page","status-publish","hentry"],"_links":{"self":[{"href":"https:\/\/energiabulegoa.debagoiena.eus\/es\/wp-json\/wp\/v2\/pages\/219","targetHints":{"allow":["GET"]}}],"collection":[{"href":"https:\/\/energiabulegoa.debagoiena.eus\/es\/wp-json\/wp\/v2\/pages"}],"about":[{"href":"https:\/\/energiabulegoa.debagoiena.eus\/es\/wp-json\/wp\/v2\/types\/page"}],"author":[{"embeddable":true,"href":"https:\/\/energiabulegoa.debagoiena.eus\/es\/wp-json\/wp\/v2\/users\/1"}],"replies":[{"embeddable":true,"href":"https:\/\/energiabulegoa.debagoiena.eus\/es\/wp-json\/wp\/v2\/comments?post=219"}],"version-history":[{"count":34,"href":"https:\/\/energiabulegoa.debagoiena.eus\/es\/wp-json\/wp\/v2\/pages\/219\/revisions"}],"predecessor-version":[{"id":1829,"href":"https:\/\/energiabulegoa.debagoiena.eus\/es\/wp-json\/wp\/v2\/pages\/219\/revisions\/1829"}],"up":[{"embeddable":true,"href":"https:\/\/energiabulegoa.debagoiena.eus\/es\/wp-json\/wp\/v2\/pages\/193"}],"wp:attachment":[{"href":"https:\/\/energiabulegoa.debagoiena.eus\/es\/wp-json\/wp\/v2\/media?parent=219"}],"curies":[{"name":"wp","href":"https:\/\/api.w.org\/{rel}","templated":true}]}}