{"id":222,"date":"2023-11-02T11:52:02","date_gmt":"2023-11-02T10:52:02","guid":{"rendered":"https:\/\/energiabulegoa.o\u00f1ati.eus\/oficina-de-asesoramiento\/consulta-tus-consumos\/electricidad\/"},"modified":"2024-12-10T11:36:31","modified_gmt":"2024-12-10T10:36:31","slug":"electricidad","status":"publish","type":"page","link":"https:\/\/energiabulegoa.debagoiena.eus\/es\/energia-bulegoa\/oficina-de-asesoramiento\/consulta-tus-consumos\/electricidad\/","title":{"rendered":"Electricidad"},"content":{"rendered":"\n<p>En el caso de la electricidad, se puede utilizar el programa DATADIS para analizar el consumo de electricidad, su potencia y otros datos. Puede ser muy \u00fatil para analizar y regular las potencias contratadas, as\u00ed como para saber el consumo energ\u00e9tico en cualquier momento.<\/p>\n\n<div class=\"wp-block-buttons is-content-justification-center is-layout-flex wp-container-core-buttons-is-layout-a89b3969 wp-block-buttons-is-layout-flex\">\n<div class=\"wp-block-button\"><a class=\"wp-block-button__link wp-element-button\" href=\"https:\/\/energiabulegoa.debagoiena.eus\/es\/energia-bulegoa\/oficina-de-asesoramiento\/consulta-tus-consumos\/electricidad\/como-registrarse-en-datadis\/\">C\u00d3MO REGISTRARSE EN DATADIS<\/a><\/div>\n\n\n\n<div class=\"wp-block-button\"><a class=\"wp-block-button__link wp-element-button\" href=\"https:\/\/energiabulegoa.debagoiena.eus\/es\/energia-bulegoa\/oficina-de-asesoramiento\/consulta-tus-consumos\/electricidad\/como-usar-datadis\/\">C\u00d3MO USAR DATADIS<\/a><\/div>\n<\/div>\n\n<figure class=\"wp-block-table is-style-stripes\"><table><tbody><tr><td><strong>COMERCIALIZADORAS<\/strong><\/td><td><strong>WEBS<\/strong><\/td><\/tr><tr><td>Comercializadora de referencia energ\u00e9tico (Grupo CHC)<\/td><td><a href=\"https:\/\/www.corenergetico.es\/es\/\" target=\"_blank\" rel=\"noreferrer noopener\">https:\/\/www.corenergetico.es\/es\/<\/a><\/td><\/tr><tr><td>Energ\u00eda XXI (Grupo Endesa)<\/td><td><a href=\"https:\/\/www.energiaxxi.com\/hogares.html\" target=\"_blank\" rel=\"noreferrer noopener\">https:\/\/www.energiaxxi.com\/hogares.html<\/a><\/td><\/tr><tr><td>Curenergia (Grupo Iberdrola) <\/td><td><a href=\"https:\/\/www.curenergia.es\/\" target=\"_blank\" rel=\"noreferrer noopener\">https:\/\/www.curenergia.es\/<\/a><\/td><\/tr><tr><td>Gas &amp; Power (Grupo Naturgy) <\/td><td><a href=\"https:\/\/www.comercializadoraregulada.es\/regulada\" target=\"_blank\" rel=\"noreferrer noopener\">https:\/\/www.comercializadoraregulada.es\/regulada<\/a><\/td><\/tr><tr><td>Baser (Grupo TotalEnergies) <\/td><td><a href=\"https:\/\/www.basercor.es\/es\/\" target=\"_blank\" rel=\"noreferrer noopener\">https:\/\/www.basercor.es\/es\/<\/a><\/td><\/tr><tr><td>R\u00e9gsiti (Grupo Repsol) <\/td><td><a href=\"https:\/\/areacliente.regsiti.com\/bienvenida\" target=\"_blank\" rel=\"noreferrer noopener\">https:\/\/areacliente.regsiti.com\/bienvenida<\/a><\/td><\/tr><\/tbody><\/table><\/figure>\n","protected":false},"excerpt":{"rendered":"<p>En el caso de la electricidad, se puede utilizar el programa DATADIS para analizar el consumo de electricidad, su potencia y otros datos. Puede ser muy \u00fatil para analizar y regular las potencias contratadas, as\u00ed como para saber el consumo energ\u00e9tico en cualquier momento. COMERCIALIZADORAS WEBS Comercializadora de referencia energ\u00e9tico (Grupo CHC) https:\/\/www.corenergetico.es\/es\/ Energ\u00eda XXI [&hellip;]<\/p>\n","protected":false},"author":1,"featured_media":0,"parent":206,"menu_order":0,"comment_status":"closed","ping_status":"closed","template":"","meta":{"footnotes":""},"class_list":["post-222","page","type-page","status-publish","hentry"],"_links":{"self":[{"href":"https:\/\/energiabulegoa.debagoiena.eus\/es\/wp-json\/wp\/v2\/pages\/222","targetHints":{"allow":["GET"]}}],"collection":[{"href":"https:\/\/energiabulegoa.debagoiena.eus\/es\/wp-json\/wp\/v2\/pages"}],"about":[{"href":"https:\/\/energiabulegoa.debagoiena.eus\/es\/wp-json\/wp\/v2\/types\/page"}],"author":[{"embeddable":true,"href":"https:\/\/energiabulegoa.debagoiena.eus\/es\/wp-json\/wp\/v2\/users\/1"}],"replies":[{"embeddable":true,"href":"https:\/\/energiabulegoa.debagoiena.eus\/es\/wp-json\/wp\/v2\/comments?post=222"}],"version-history":[{"count":9,"href":"https:\/\/energiabulegoa.debagoiena.eus\/es\/wp-json\/wp\/v2\/pages\/222\/revisions"}],"predecessor-version":[{"id":962,"href":"https:\/\/energiabulegoa.debagoiena.eus\/es\/wp-json\/wp\/v2\/pages\/222\/revisions\/962"}],"up":[{"embeddable":true,"href":"https:\/\/energiabulegoa.debagoiena.eus\/es\/wp-json\/wp\/v2\/pages\/206"}],"wp:attachment":[{"href":"https:\/\/energiabulegoa.debagoiena.eus\/es\/wp-json\/wp\/v2\/media?parent=222"}],"curies":[{"name":"wp","href":"https:\/\/api.w.org\/{rel}","templated":true}]}}