{"id":2352,"date":"2025-11-06T11:26:26","date_gmt":"2025-11-06T10:26:26","guid":{"rendered":"https:\/\/energiabulegoa.debagoiena.eus\/?page_id=2352"},"modified":"2025-11-06T12:09:16","modified_gmt":"2025-11-06T11:09:16","slug":"energia-komunitateak","status":"publish","type":"page","link":"https:\/\/energiabulegoa.debagoiena.eus\/es\/informacion-energetica-2\/energia-komunitateak\/","title":{"rendered":"ENERGIA KOMUNITATEAK"},"content":{"rendered":"\n<h2 class=\"wp-block-heading\">\u00bfQu\u00e9 son?<\/h2>\n\n\n\n<div class=\"wp-block-group has-global-padding is-layout-constrained wp-block-group-is-layout-constrained\">\n<p style=\"margin-top:var(--wp--preset--spacing--30);margin-bottom:var(--wp--preset--spacing--30)\">Son iniciativas sin \u00e1nimo de lucro que, en nuestro entorno, se han desarrollado en forma de cooperativas. Aunque participan empresas y administraciones p\u00fablicas, el eje central de las Comunidades Energ\u00e9ticas es la ciudadan\u00eda.<\/p>\n\n\n\n<p style=\"margin-top:var(--wp--preset--spacing--30);margin-bottom:var(--wp--preset--spacing--30)\">A d\u00eda de hoy, principalmente se dedican a la generaci\u00f3n de energia solar fotovoltaica, pero tambi\u00e9n tienen como objetivo desarrollar otro tipo de proyectos como pueden ser la movilidad compartida y sostenible, la eficiencia energ\u00e9tica y el consumo de energ\u00eda responsable.<\/p>\n\n\n\n<p>En Debagoiena ya hay unas cuantas comunidades energ\u00e9ticas en marcha. Si quieres m\u00e1s informaci\u00f3n p\u00e1sate por la oficina de Energ\u00eda o ponte directamente en contacto con ellas:<\/p>\n<\/div>\n\n\n\n<div class=\"wp-block-group has-global-padding is-layout-constrained wp-block-group-is-layout-constrained\">\n<h2 class=\"wp-block-heading\">Debagoieneko Energia-Komunitateak<\/h2>\n\n\n\n<p><\/p>\n\n\n\n<div class=\"wp-block-columns is-layout-flex wp-container-core-columns-is-layout-28f84493 wp-block-columns-is-layout-flex\">\n<div class=\"wp-block-column is-layout-flow wp-block-column-is-layout-flow\">\n<h3 class=\"wp-block-heading\"><a href=\"https:\/\/berener.eus\" data-type=\"link\" data-id=\"https:\/\/berener.eus\" target=\"_blank\" rel=\"noreferrer noopener\">Berener: Bergara<\/a><\/h3>\n\n\n\n<figure class=\"wp-block-image size-full is-resized\"><img loading=\"lazy\" decoding=\"async\" width=\"240\" height=\"160\" src=\"https:\/\/energiabulegoa.debagoiena.eus\/wp-content\/uploads\/2025\/11\/logo_berener-1-edited.png\" alt=\"\" class=\"wp-image-2344\" style=\"width:222px;height:auto\"\/><\/figure>\n\n\n\n<p><\/p>\n\n\n\n<h3 class=\"wp-block-heading\">Ixotzen: Elgeta<\/h3>\n\n\n\n<figure class=\"wp-block-image size-full is-resized\"><img loading=\"lazy\" decoding=\"async\" width=\"613\" height=\"343\" src=\"https:\/\/energiabulegoa.debagoiena.eus\/wp-content\/uploads\/2025\/10\/Ixotzen_Logo.webp\" alt=\"\" class=\"wp-image-2326\" style=\"width:206px;height:auto\" srcset=\"https:\/\/energiabulegoa.debagoiena.eus\/wp-content\/uploads\/2025\/10\/Ixotzen_Logo.webp 613w, https:\/\/energiabulegoa.debagoiena.eus\/wp-content\/uploads\/2025\/10\/Ixotzen_Logo-300x168.webp 300w\" sizes=\"auto, (max-width: 613px) 100vw, 613px\" \/><\/figure>\n\n\n\n<p><\/p>\n\n\n\n<h3 class=\"wp-block-heading\"><a href=\"https:\/\/onatiek.eus\/eu\/\" data-type=\"link\" data-id=\"https:\/\/leintzbailara.ekiola.eus\/\" target=\"_blank\" rel=\"noreferrer noopener\">Oneko: O\u00f1ati<\/a><\/h3>\n\n\n\n<figure class=\"wp-block-image size-full is-resized\"><img loading=\"lazy\" decoding=\"async\" width=\"852\" height=\"274\" src=\"https:\/\/energiabulegoa.debagoiena.eus\/wp-content\/uploads\/2025\/10\/oneko-logo.png\" alt=\"\" class=\"wp-image-2330\" style=\"width:206px;height:auto\" srcset=\"https:\/\/energiabulegoa.debagoiena.eus\/wp-content\/uploads\/2025\/10\/oneko-logo.png 852w, https:\/\/energiabulegoa.debagoiena.eus\/wp-content\/uploads\/2025\/10\/oneko-logo-300x96.png 300w, https:\/\/energiabulegoa.debagoiena.eus\/wp-content\/uploads\/2025\/10\/oneko-logo-768x247.png 768w\" sizes=\"auto, (max-width: 852px) 100vw, 852px\" \/><\/figure>\n<\/div>\n\n\n\n<div class=\"wp-block-column is-layout-flow wp-block-column-is-layout-flow\">\n<h3 class=\"wp-block-heading\"><a href=\"https:\/\/esnargi.eus\/\" data-type=\"link\" data-id=\"https:\/\/esnargi.eus\/\" target=\"_blank\" rel=\"noreferrer noopener\">Esnargi: Eskoriatza<\/a><\/h3>\n\n\n\n<figure class=\"wp-block-image size-full is-resized\"><img loading=\"lazy\" decoding=\"async\" width=\"198\" height=\"154\" src=\"https:\/\/energiabulegoa.debagoiena.eus\/wp-content\/uploads\/2025\/10\/logo-Esnargi.png\" alt=\"\" class=\"wp-image-2332\" style=\"width:206px;height:auto\"\/><\/figure>\n\n\n\n<p><\/p>\n\n\n\n<h3 class=\"wp-block-heading\"><a href=\"https:\/\/leintzbailara.ekiola.eus\/\" data-type=\"link\" data-id=\"https:\/\/leintzbailara.ekiola.eus\/\" target=\"_blank\" rel=\"noreferrer noopener\">Leintz Bailarako Ekiola<\/a><\/h3>\n\n\n\n<figure class=\"wp-block-image size-full is-resized\"><img loading=\"lazy\" decoding=\"async\" width=\"613\" height=\"343\" src=\"https:\/\/energiabulegoa.debagoiena.eus\/wp-content\/uploads\/2025\/10\/Ekiola_Logo.webp\" alt=\"\" class=\"wp-image-2324\" style=\"width:293px;height:auto\" srcset=\"https:\/\/energiabulegoa.debagoiena.eus\/wp-content\/uploads\/2025\/10\/Ekiola_Logo.webp 613w, https:\/\/energiabulegoa.debagoiena.eus\/wp-content\/uploads\/2025\/10\/Ekiola_Logo-300x168.webp 300w\" sizes=\"auto, (max-width: 613px) 100vw, 613px\" \/><\/figure>\n<\/div>\n<\/div>\n<\/div>\n","protected":false},"excerpt":{"rendered":"<p>\u00bfQu\u00e9 son? Son iniciativas sin \u00e1nimo de lucro que, en nuestro entorno, se han desarrollado en forma de cooperativas. Aunque participan empresas y administraciones p\u00fablicas, el eje central de las Comunidades Energ\u00e9ticas es la ciudadan\u00eda. A d\u00eda de hoy, principalmente se dedican a la generaci\u00f3n de energia solar fotovoltaica, pero tambi\u00e9n tienen como objetivo desarrollar [&hellip;]<\/p>\n","protected":false},"author":4,"featured_media":0,"parent":975,"menu_order":0,"comment_status":"closed","ping_status":"closed","template":"","meta":{"footnotes":""},"class_list":["post-2352","page","type-page","status-publish","hentry"],"_links":{"self":[{"href":"https:\/\/energiabulegoa.debagoiena.eus\/es\/wp-json\/wp\/v2\/pages\/2352","targetHints":{"allow":["GET"]}}],"collection":[{"href":"https:\/\/energiabulegoa.debagoiena.eus\/es\/wp-json\/wp\/v2\/pages"}],"about":[{"href":"https:\/\/energiabulegoa.debagoiena.eus\/es\/wp-json\/wp\/v2\/types\/page"}],"author":[{"embeddable":true,"href":"https:\/\/energiabulegoa.debagoiena.eus\/es\/wp-json\/wp\/v2\/users\/4"}],"replies":[{"embeddable":true,"href":"https:\/\/energiabulegoa.debagoiena.eus\/es\/wp-json\/wp\/v2\/comments?post=2352"}],"version-history":[{"count":10,"href":"https:\/\/energiabulegoa.debagoiena.eus\/es\/wp-json\/wp\/v2\/pages\/2352\/revisions"}],"predecessor-version":[{"id":2367,"href":"https:\/\/energiabulegoa.debagoiena.eus\/es\/wp-json\/wp\/v2\/pages\/2352\/revisions\/2367"}],"up":[{"embeddable":true,"href":"https:\/\/energiabulegoa.debagoiena.eus\/es\/wp-json\/wp\/v2\/pages\/975"}],"wp:attachment":[{"href":"https:\/\/energiabulegoa.debagoiena.eus\/es\/wp-json\/wp\/v2\/media?parent=2352"}],"curies":[{"name":"wp","href":"https:\/\/api.w.org\/{rel}","templated":true}]}}