{"id":716,"date":"2024-01-05T12:55:43","date_gmt":"2024-01-05T11:55:43","guid":{"rendered":"https:\/\/energiabulegoa.o\u00f1ati.eus\/informacion-energetica\/"},"modified":"2025-04-15T19:19:18","modified_gmt":"2025-04-15T18:19:18","slug":"informacion-energetica","status":"publish","type":"page","link":"https:\/\/energiabulegoa.debagoiena.eus\/es\/informacion-energetica-2\/informacion-energetica\/","title":{"rendered":"OBSERVATORIO ENERG\u00c9TICO"},"content":{"rendered":"\n<p>En este portal de energ\u00eda de Debagoiena encontrar\u00e1s informaci\u00f3n sobre la evoluci\u00f3n del consumo de energ\u00eda en la comarca.&#13;\n<\/p>\n\n<p>\u00bfCu\u00e1l ha sido la evoluci\u00f3n del consumo? \u00bfPara qu\u00e9 se utiliza toda esta energ\u00eda?&#13;\n<\/p>\n\n<p>Puedes verla aqu\u00ed (datos de la comarca, de tu municipio, comparaciones entre municipios,&#8230;)&#13;\n<\/p>\n\n<div class=\"wp-block-group alignfull is-layout-flow wp-block-group-is-layout-flow\" style=\"padding-top:0;padding-right:0;padding-bottom:0;padding-left:0\">\n<div><iframe loading=\"lazy\" class=\"info-energetikoa-debagoiena\" title=\"DEBAGOIENAV12\" width=\"\" height=\"\" src=\"https:\/\/app.powerbi.com\/view?r=eyJrIjoiOTVkZDBjNjUtZmM5OC00MzQ5LWEzNzQtNDAyODAwN2VmYTA3IiwidCI6IjNhYjM1NWExLTMyNTYtNGM4NC1iMzk4LWMyNjgxZjljMTYzNCIsImMiOjl9\" frameborder=\"0\" allowfullscreen=\"true\"><\/iframe><\/div>\r\n\r\n<style>\r\n.info-energetikoa-debagoiena {\r\nmargin: 0 auto !important;\r\nwidth: 100%;\r\nheight: 100%;\r\nmin-height: 50vh;\r\n}\r\n<\/style>\r\n<\/div>\n","protected":false},"excerpt":{"rendered":"<p>En este portal de energ\u00eda de Debagoiena encontrar\u00e1s informaci\u00f3n sobre la evoluci\u00f3n del consumo de energ\u00eda en la comarca.&#13; \u00bfCu\u00e1l ha sido la evoluci\u00f3n del consumo? \u00bfPara qu\u00e9 se utiliza toda esta energ\u00eda?&#13; Puedes verla aqu\u00ed (datos de la comarca, de tu municipio, comparaciones entre municipios,&#8230;)&#13;<\/p>\n","protected":false},"author":1,"featured_media":0,"parent":975,"menu_order":0,"comment_status":"closed","ping_status":"closed","template":"","meta":{"footnotes":""},"class_list":["post-716","page","type-page","status-publish","hentry"],"_links":{"self":[{"href":"https:\/\/energiabulegoa.debagoiena.eus\/es\/wp-json\/wp\/v2\/pages\/716","targetHints":{"allow":["GET"]}}],"collection":[{"href":"https:\/\/energiabulegoa.debagoiena.eus\/es\/wp-json\/wp\/v2\/pages"}],"about":[{"href":"https:\/\/energiabulegoa.debagoiena.eus\/es\/wp-json\/wp\/v2\/types\/page"}],"author":[{"embeddable":true,"href":"https:\/\/energiabulegoa.debagoiena.eus\/es\/wp-json\/wp\/v2\/users\/1"}],"replies":[{"embeddable":true,"href":"https:\/\/energiabulegoa.debagoiena.eus\/es\/wp-json\/wp\/v2\/comments?post=716"}],"version-history":[{"count":10,"href":"https:\/\/energiabulegoa.debagoiena.eus\/es\/wp-json\/wp\/v2\/pages\/716\/revisions"}],"predecessor-version":[{"id":1206,"href":"https:\/\/energiabulegoa.debagoiena.eus\/es\/wp-json\/wp\/v2\/pages\/716\/revisions\/1206"}],"up":[{"embeddable":true,"href":"https:\/\/energiabulegoa.debagoiena.eus\/es\/wp-json\/wp\/v2\/pages\/975"}],"wp:attachment":[{"href":"https:\/\/energiabulegoa.debagoiena.eus\/es\/wp-json\/wp\/v2\/media?parent=716"}],"curies":[{"name":"wp","href":"https:\/\/api.w.org\/{rel}","templated":true}]}}