{"id":973,"date":"2024-11-11T11:15:55","date_gmt":"2024-11-11T10:15:55","guid":{"rendered":"https:\/\/energiabulegoa.debagoiena.eus\/informacion-util\/"},"modified":"2025-11-04T11:14:31","modified_gmt":"2025-11-04T10:14:31","slug":"informacion-util","status":"publish","type":"page","link":"https:\/\/energiabulegoa.debagoiena.eus\/es\/informacion-energetica-2\/informacion-util\/","title":{"rendered":"INFORMACI\u00d3N UTIL"},"content":{"rendered":"\n<div class=\"wp-block-group alignfull has-global-padding is-layout-constrained wp-container-core-group-is-layout-570efc33 wp-block-group-is-layout-constrained\" style=\"padding-top:var(--wp--preset--spacing--30);padding-right:var(--wp--preset--spacing--30);padding-bottom:var(--wp--preset--spacing--30);padding-left:var(--wp--preset--spacing--30)\">\n<h2 class=\"wp-block-heading has-text-align-center\">Links<\/h2>\n\n\n\n<div class=\"wp-block-group is-content-justification-center is-nowrap is-layout-flex wp-container-core-group-is-layout-23441af8 wp-block-group-is-layout-flex\">\n<div class=\"wp-block-buttons is-content-justification-center is-layout-flex wp-container-core-buttons-is-layout-a89b3969 wp-block-buttons-is-layout-flex\">\n<div class=\"wp-block-button\"><a class=\"wp-block-button__link wp-element-button\" href=\"https:\/\/www.gipuzkoa.eus\/eu\/web\/ingurumena\/energia\/argitu\/kalkulagailu-energetikoa\" target=\"_blank\" rel=\"noreferrer noopener\">Calculadora energ\u00e9tica<\/a><\/div>\n\n\n\n<div class=\"wp-block-button\"><a class=\"wp-block-button__link has-text-align-center wp-element-button\" href=\"https:\/\/www.debagoiena.eus\/sites\/default\/files\/bonusoziala_debagoiena_230706.pdf\" target=\"_blank\" rel=\"noreferrer noopener\">Bono social energ\u00e9tico<\/a><\/div>\n<\/div>\n<\/div>\n<\/div>\n\n<div class=\"wp-block-group alignfull has-global-padding is-layout-constrained wp-container-core-group-is-layout-570efc33 wp-block-group-is-layout-constrained\" style=\"padding-top:var(--wp--preset--spacing--30);padding-right:var(--wp--preset--spacing--30);padding-bottom:var(--wp--preset--spacing--30);padding-left:var(--wp--preset--spacing--30)\">\n<h2 class=\"wp-block-heading has-text-align-center\">Gu\u00edas<\/h2>\n\n\n\n<div class=\"wp-block-group is-nowrap is-layout-flex wp-container-core-group-is-layout-6c531013 wp-block-group-is-layout-flex\">\n<div class=\"wp-block-buttons is-content-justification-center is-layout-flex wp-container-core-buttons-is-layout-a89b3969 wp-block-buttons-is-layout-flex\">\n<div class=\"wp-block-button\"><a class=\"wp-block-button__link has-text-align-center wp-element-button\" href=\"https:\/\/www.gipuzkoa.eus\/eu\/web\/ingurumena\/-\/etxe-osoa-berritu-aurretik-informazio-interesgarria\" target=\"_blank\" rel=\"noreferrer noopener\">Informaci\u00f3n \u00fatil antes de reformar tu vivienda<\/a><\/div>\n\n\n\n<div class=\"wp-block-button\"><a class=\"wp-block-button__link has-text-align-center wp-element-button\" href=\"https:\/\/debagoiena.eus\/sites\/default\/files\/documents\/energia_aurrezteko_gida.pdf\" target=\"_blank\" rel=\"noreferrer noopener\">Gu\u00eda para ahorrar en tu establecimiento<\/a><\/div>\n\n\n\n<div class=\"wp-block-button\"><a class=\"wp-block-button__link has-text-align-center wp-element-button\" href=\"https:\/\/goiena.tok-md.com\/pdfak\/EFdg21e.pdf\" target=\"_blank\" rel=\"noreferrer noopener\">Hoja informativa de Rehabilitaci\u00f3n Energ\u00e9tica Eficiente en Viviendas<\/a><\/div>\n\n\n\n<div class=\"wp-block-button\"><a class=\"wp-block-button__link has-text-align-center wp-element-button\" href=\"https:\/\/www.gipuzkoa.eus\/eu\/web\/ingurumena\/-\/zer-azpiegitura-behar-dut-nire-garajean-ibilgailu-elektrikoa-kargatzeko-\" target=\"_blank\" rel=\"noreferrer noopener\">C\u00f3mo cargar el veh\u00edculo el\u00e9ctrico en el garaje del hogar<\/a><\/div>\n\n\n\n<div class=\"wp-block-button\"><a class=\"wp-block-button__link has-text-align-center wp-element-button\" href=\"https:\/\/www.gipuzkoa.eus\/eu\/web\/ingurumena\/-\/bizilagunen-komunitatean-ere-energia-aurreztu\" target=\"_blank\" rel=\"noreferrer noopener\">Ahorrando energ\u00eda en la comunidad de vecinos<\/a><\/div>\n\n\n\n<div class=\"wp-block-button\"><a class=\"wp-block-button__link has-text-align-center wp-element-button\" href=\"https:\/\/www.gipuzkoa.eus\/eu\/web\/ingurumena\/-\/ur-beroarekin-energia-aurrezten-duzu-\" target=\"_blank\" rel=\"noreferrer noopener\">\u00bfAhorras energ\u00eda con agua caliente?<\/a><\/div>\n\n\n\n<div class=\"wp-block-button\"><a class=\"wp-block-button__link has-text-align-center wp-element-button\" href=\"https:\/\/www.gipuzkoa.eus\/eu\/web\/ingurumena\/-\/nola-murriztu-zure-stand-by-kontsumoa\" target=\"_blank\" rel=\"noreferrer noopener\">C\u00f3mo reducir tu consumo de \u00abstand-by\u00bb<\/a><\/div>\n\n\n\n<div class=\"wp-block-button\"><a class=\"wp-block-button__link has-text-align-center wp-element-button\" href=\"https:\/\/www.gipuzkoa.eus\/eu\/web\/ingurumena\/-\/10-consejos-para-ahorrar-energia-en-calefaccion\" target=\"_blank\" rel=\"noreferrer noopener\">10 consejos para ahorrar energ\u00eda en calefacci\u00f3n<\/a><\/div>\n<\/div>\n<\/div>\n<\/div>\n\n<div class=\"wp-block-group alignfull has-global-padding is-layout-constrained wp-container-core-group-is-layout-570efc33 wp-block-group-is-layout-constrained\" style=\"padding-top:var(--wp--preset--spacing--30);padding-right:var(--wp--preset--spacing--30);padding-bottom:var(--wp--preset--spacing--30);padding-left:var(--wp--preset--spacing--30)\">\n<h2 class=\"wp-block-heading has-text-align-center\">Multimedia<\/h2>\n\n\n\n<div class=\"wp-block-group is-content-justification-center is-nowrap is-layout-flex wp-container-core-group-is-layout-23441af8 wp-block-group-is-layout-flex\">\n<div class=\"wp-block-buttons is-content-justification-center is-layout-flex wp-container-core-buttons-is-layout-a89b3969 wp-block-buttons-is-layout-flex\">\n<div class=\"wp-block-button\"><a class=\"wp-block-button__link has-text-align-center wp-element-button\">Link 1<\/a><\/div>\n\n\n\n<div class=\"wp-block-button\"><a class=\"wp-block-button__link has-text-align-center wp-element-button\">Link 2<\/a><\/div>\n<\/div>\n<\/div>\n<\/div>\n","protected":false},"excerpt":{"rendered":"<p>Links Gu\u00edas Multimedia<\/p>\n","protected":false},"author":1,"featured_media":0,"parent":975,"menu_order":0,"comment_status":"closed","ping_status":"closed","template":"","meta":{"footnotes":""},"class_list":["post-973","page","type-page","status-publish","hentry"],"_links":{"self":[{"href":"https:\/\/energiabulegoa.debagoiena.eus\/es\/wp-json\/wp\/v2\/pages\/973","targetHints":{"allow":["GET"]}}],"collection":[{"href":"https:\/\/energiabulegoa.debagoiena.eus\/es\/wp-json\/wp\/v2\/pages"}],"about":[{"href":"https:\/\/energiabulegoa.debagoiena.eus\/es\/wp-json\/wp\/v2\/types\/page"}],"author":[{"embeddable":true,"href":"https:\/\/energiabulegoa.debagoiena.eus\/es\/wp-json\/wp\/v2\/users\/1"}],"replies":[{"embeddable":true,"href":"https:\/\/energiabulegoa.debagoiena.eus\/es\/wp-json\/wp\/v2\/comments?post=973"}],"version-history":[{"count":5,"href":"https:\/\/energiabulegoa.debagoiena.eus\/es\/wp-json\/wp\/v2\/pages\/973\/revisions"}],"predecessor-version":[{"id":1337,"href":"https:\/\/energiabulegoa.debagoiena.eus\/es\/wp-json\/wp\/v2\/pages\/973\/revisions\/1337"}],"up":[{"embeddable":true,"href":"https:\/\/energiabulegoa.debagoiena.eus\/es\/wp-json\/wp\/v2\/pages\/975"}],"wp:attachment":[{"href":"https:\/\/energiabulegoa.debagoiena.eus\/es\/wp-json\/wp\/v2\/media?parent=973"}],"curies":[{"name":"wp","href":"https:\/\/api.w.org\/{rel}","templated":true}]}}