{"id":977,"date":"2024-11-11T11:51:28","date_gmt":"2024-11-11T10:51:28","guid":{"rendered":"https:\/\/energiabulegoa.debagoiena.eus\/aviso-legal\/"},"modified":"2024-12-10T11:53:26","modified_gmt":"2024-12-10T10:53:26","slug":"aviso-legal","status":"publish","type":"page","link":"https:\/\/energiabulegoa.debagoiena.eus\/es\/aviso-legal\/","title":{"rendered":"AVISO LEGAL"},"content":{"rendered":"\n<p>Advertencias legales sobre protecci\u00f3n de datos en la p\u00e1gina web:<\/p>\n\n<h2 class=\"wp-block-heading\">Titularidad del sitio web<\/h2>\n\n<p>Dominio: energiabulegoa.debagoiena.eus<br\/>Direcci\u00f3n de correo electr\u00f3nico: energiabulegoa@debagoiena.eus<br\/>Titular: Mancomunidad de Debagoiena<br\/>NIF: P2000001D<br\/>Sede: Avda. de Navarra, 17 20500 Arrasate-Mondrag\u00f3n (Gipuzkoa) <br\/>Tel. +34 943 79 33 99&#13;\n<\/p>\n\n<h2 class=\"wp-block-heading\">Licencia de contenidos de la web<\/h2>\n\n<p>Todos los contenidos de este sitio web est\u00e1n bajo la licencia <a href=\"http:\/\/creativecommons.org\/licenses\/by-nc-sa\/3.0\/deed.eu\">Creative Commons<\/a>.<br\/><a href=\"http:\/\/eskoriatza.net\/wp-content\/uploads\/2013\/10\/cc.png\"><\/a><br\/>&#13;\n<\/p>\n\n<figure class=\"wp-block-image size-full is-resized\"><img loading=\"lazy\" decoding=\"async\" width=\"88\" height=\"31\" src=\"https:\/\/energiabulegoa.debagoiena.eus\/wp-content\/uploads\/2024\/11\/image.png\" alt=\"\" class=\"wp-image-848\" style=\"width:119px;height:auto\"\/><figcaption class=\"wp-element-caption\">Reconocimiento \u2013 No Comercial \u2013 Compartir Igual CC BY-NC-SA<\/figcaption><\/figure>\n\n<p>Esta licencia da derecho a compartir y difundir p\u00fablicamente la obra, as\u00ed como a crear obras derivadas. Para ello es obligatorio el reconocimiento de cr\u00e9ditos de trabajo. Adem\u00e1s, no se puede utilizar este trabajo (ni sus derivados) para fines comerciales. Por \u00faltimo, si se modifica esta obra o se crea una obra derivada, la obra resultante s\u00f3lo podr\u00e1 ser distribuida con otra que sea id\u00e9ntica a la presente licencia.&#13;\n<\/p>\n\n<h2 class=\"wp-block-heading\">T\u00e9rminos y condiciones de uso de este sitio<\/h2>\n\n<p>La Mancomunidad pone a disposici\u00f3n de todos los ciudadanos y de las personas usuarias de Internet este sitio web. El objetivo del sitio web es ofrecer servicios e informaci\u00f3n a todos los usuarios y dar a conocer nuestro municipio y sus actividades.&#13;\n<\/p>\n\n<p>La informaci\u00f3n administrativa facilitada a trav\u00e9s de esta web no sustituye la publicaci\u00f3n de documentos que deban publicarse en peri\u00f3dicos y revistas oficiales, cuya edici\u00f3n inspira fe en su contenido.&#13;\n<\/p>\n\n<p>La Mancomunidad no se hace responsable del contenido, exactitud y actualizaci\u00f3n de la informaci\u00f3n que proviene de otras personas f\u00edsicas o jur\u00eddicas y que conste en la p\u00e1gina web, ni de la que se obtenga a trav\u00e9s de enlaces u otros sistemas.&#13;\n<\/p>\n\n<p>La Mancomunidad no se hace responsable del uso que terceras personas o entidades hagan de la informaci\u00f3n contenida en la misma. No obstante, dichos terceros deber\u00e1n cumplir las advertencias que para determinados documentos y aplicativos existen.&#13;\n<\/p>\n\n<p>La Mancomunidad no garantiza la ausencia de virus en la web y en el servidor, ni se hace responsable de los da\u00f1os que pudieran derivarse del acceso al sitio web o de la imposibilidad de acceder al mismo.&#13;\n<\/p>\n\n<p>La Mancomunidad se reserva el derecho a modificar y ampliar los contenidos, informaciones, aplicativos, etc. de este sitio web en cualquier momento y sin necesidad de previo aviso.&#13;\n<\/p>\n\n<p>La Mancomunidad desea que este sitio web funcione de la forma m\u00e1s eficaz posible y que cumpla correctamente su objetivo. Por ello realiza el mantenimiento del sitio web, poniendo los medios que se consideren necesarios, pero no se hace responsable de las posibles disfunciones o errores en el funcionamiento del sitio web.&#13;\n<\/p>\n\n<p>La Mancomunidad podr\u00e1 modificar los t\u00e9rminos y condiciones que aparecen en el sitio web, por lo que aconseja su consulta con una periodicidad razonable por si se producen cambios en los mismos.&#13;\n<\/p>\n\n<p>El uso de este sitio web implica la aceptaci\u00f3n de los t\u00e9rminos y condiciones contenidos en el mismo.&#13;\n<\/p>\n\n<p>Para cualquier aclaraci\u00f3n o aclaraci\u00f3n, sugerencia o queja, se puede utilizar el buz\u00f3n de sugerencias de esta web.&#13;\n<\/p>\n\n<h2 class=\"wp-block-heading\">Condiciones generales de uso y pol\u00edtica de protecci\u00f3n de datos de car\u00e1cter personal<\/h2>\n\n<p>Por favor, lea atentamente estas condiciones de uso antes de utilizar este sitio web. El uso de este sitio web implica que el usuario acepta unilateralmente las condiciones de uso. Si no est\u00e1 de acuerdo con las condiciones de uso o tiene alguna duda, le rogamos que no se registre ni utilice este sitio web.&#13;\n<\/p>\n\n<h2 class=\"wp-block-heading\">Pol\u00edtica de protecci\u00f3n de datos<\/h2>\n\n<p>El objetivo principal de esta p\u00e1gina web es informar e informar a la ciudadan\u00eda de nuestro municipio.&#13;\n<\/p>\n\n<p>La Mancomunidad asume las obligaciones legales en materia de protecci\u00f3n de datos de car\u00e1cter personal, especialmente en lo referente a:&#13;\n<\/p>\n\n<ul class=\"wp-block-list\">\n<li>a) Los ficheros o tratamientos que contengan datos de car\u00e1cter personal.<\/li>\n\n\n\n<li>b) La finalidad de la recogida de datos.<\/li>\n\n\n\n<li>c) Los destinatarios de la informaci\u00f3n.<\/li>\n\n\n\n<li>d) El car\u00e1cter facultativo u obligatorio de las preguntas que hagamos.<\/li>\n\n\n\n<li>e) Las consecuencias de la obtenci\u00f3n de los datos o de la negativa a suministrarlos.<\/li>\n\n\n\n<li>f) La posibilidad de ejercitar los derechos de acceso, rectificaci\u00f3n, cancelaci\u00f3n y oposici\u00f3n.&#13;\n<\/li>\n\n\n\n<li>g) La identidad y direcci\u00f3n del tratamiento controlador o, en su caso, de su representante.&#13;\n<\/li>\n<\/ul>\n\n<p>La Mancomunidad desea que el usuario cuente con la informaci\u00f3n suficiente, en funci\u00f3n de la forma en que se soliciten los datos, para decidir de forma expresa, voluntaria y voluntaria si desea facilitar los datos.&#13;\n<\/p>\n\n<p>Por ello, se informa al usuario que sus datos ser\u00e1n incorporados a alg\u00fan fichero del Ayuntamiento, cuyo responsable es el Ayuntamiento.&#13;\n<\/p>\n\n<p>Salvo que se indique lo contrario, los datos solicitados en los formularios son necesarios y obligatorios para la prestaci\u00f3n y recepci\u00f3n de los servicios indicados en la p\u00e1gina web. El usuario deber\u00e1 indicar en el formulario los datos verdaderos, exactos y completos, respondiendo de los da\u00f1os y perjuicios que puedan ocasionar si los datos no son verdaderos, exactos, completos o no est\u00e1n actualizados.&#13;\n<\/p>\n\n<p>El Ayuntamiento tiene el compromiso de adoptar los niveles de seguridad de protecci\u00f3n de datos personales que establece la legislaci\u00f3n vigente, por lo que adoptar\u00e1 las medidas t\u00e9cnicas y organizativas necesarias para evitar la p\u00e9rdida, alteraci\u00f3n, acceso no autorizado y otros riesgos. Asimismo, el Ayuntamiento est\u00e1 obligado a guardar secreto sobre los datos contenidos en los ficheros automatizados establecidos en la legislaci\u00f3n vigente.&#13;\n<\/p>\n\n<p>El usuario o la persona que lo represente podr\u00e1 ejercitar en cualquier momento el derecho de acceso, rectificaci\u00f3n, cancelaci\u00f3n y, en su caso, oposici\u00f3n, de acuerdo con la Ley Org\u00e1nica de Protecci\u00f3n de Datos y dem\u00e1s normativa aplicable. Para ello deber\u00e1 remitir un escrito de forma electr\u00f3nica.&#13;\n<\/p>\n\n<p>Lo que m\u00e1s nos preocupa es el almacenamiento seguro de datos personales que permitan identificar la identidad del usuario. Estamos hablando con mucho cuidado al transmitir los datos del usuario desde su ordenador a nuestro servidor.&#13;\n<\/p>\n\n<p>El acceso a los datos de los usuarios se produce \u00fanicamente por aquellos empleados que necesiten datos para realizar su trabajo. El personal del Ayuntamiento que infrinja la pol\u00edtica de protecci\u00f3n de datos de car\u00e1cter personal o de seguridad estar\u00e1 sujeto a acciones disciplinarias.&#13;\n<\/p>\n\n<p>Por \u00faltimo, si el usuario no est\u00e1 utilizando un ordenador de su propiedad, conviene recordar que debe finalizar la sesi\u00f3n antes de abandonar la p\u00e1gina web municipal, as\u00ed como cerrar el navegador cuando haya terminado de navegar. Ello es conveniente para que nadie pueda acceder a los datos personales y al correo del usuario, especialmente si el ordenador del usuario puede ser utilizado por terceros, compartirlo con otros, o si se trata de un ordenador ubicado en un lugar p\u00fablico, como una biblioteca o un cibercaf\u00e9.&#13;\n<\/p>\n\n<h2 class=\"wp-block-heading\">Aceptaci\u00f3n de las presentes condiciones<\/h2>\n\n<p>Al utilizar esta web, entendemos que el usuario ha le\u00eddo este documento cuidadosamente y que ha entendido y seguido sus consejos. En caso de que el usuario no est\u00e9 de acuerdo con esta pol\u00edtica de protecci\u00f3n de datos o con los consejos que en la misma se dan, que no utilice nuestra web. Nos reservamos el derecho a modificar esta condici\u00f3n de uso de la Web cuando consideremos oportuno. Una vez realizadas estas modificaciones, los usuarios de esta u otra web del Ayuntamiento tambi\u00e9n tendr\u00e1n que aceptar las mismas.&#13;\n<\/p>\n","protected":false},"excerpt":{"rendered":"<p>Advertencias legales sobre protecci\u00f3n de datos en la p\u00e1gina web: Titularidad del sitio web Dominio: energiabulegoa.debagoiena.eusDirecci\u00f3n de correo electr\u00f3nico: energiabulegoa@debagoiena.eusTitular: Mancomunidad de DebagoienaNIF: P2000001DSede: Avda. de Navarra, 17 20500 Arrasate-Mondrag\u00f3n (Gipuzkoa) Tel. +34 943 79 33 99&#13; Licencia de contenidos de la web Todos los contenidos de este sitio web est\u00e1n bajo la licencia Creative [&hellip;]<\/p>\n","protected":false},"author":1,"featured_media":0,"parent":0,"menu_order":0,"comment_status":"closed","ping_status":"closed","template":"","meta":{"footnotes":""},"class_list":["post-977","page","type-page","status-publish","hentry"],"_links":{"self":[{"href":"https:\/\/energiabulegoa.debagoiena.eus\/es\/wp-json\/wp\/v2\/pages\/977","targetHints":{"allow":["GET"]}}],"collection":[{"href":"https:\/\/energiabulegoa.debagoiena.eus\/es\/wp-json\/wp\/v2\/pages"}],"about":[{"href":"https:\/\/energiabulegoa.debagoiena.eus\/es\/wp-json\/wp\/v2\/types\/page"}],"author":[{"embeddable":true,"href":"https:\/\/energiabulegoa.debagoiena.eus\/es\/wp-json\/wp\/v2\/users\/1"}],"replies":[{"embeddable":true,"href":"https:\/\/energiabulegoa.debagoiena.eus\/es\/wp-json\/wp\/v2\/comments?post=977"}],"version-history":[{"count":1,"href":"https:\/\/energiabulegoa.debagoiena.eus\/es\/wp-json\/wp\/v2\/pages\/977\/revisions"}],"predecessor-version":[{"id":978,"href":"https:\/\/energiabulegoa.debagoiena.eus\/es\/wp-json\/wp\/v2\/pages\/977\/revisions\/978"}],"wp:attachment":[{"href":"https:\/\/energiabulegoa.debagoiena.eus\/es\/wp-json\/wp\/v2\/media?parent=977"}],"curies":[{"name":"wp","href":"https:\/\/api.w.org\/{rel}","templated":true}]}}